{"id":886,"date":"2026-03-14T14:41:45","date_gmt":"2026-03-14T17:41:45","guid":{"rendered":"https:\/\/nantech.info\/?page_id=886"},"modified":"2026-03-14T14:43:50","modified_gmt":"2026-03-14T17:43:50","slug":"acolhimento","status":"publish","type":"page","link":"https:\/\/nantech.info\/index.php\/acolhimento\/","title":{"rendered":"pf_acolhimento"},"content":{"rendered":"\t\t<div data-elementor-type=\"wp-page\" data-elementor-id=\"886\" class=\"elementor elementor-886\">\n\t\t\t\t<div class=\"elementor-element elementor-element-7030fd8d e-flex e-con-boxed e-con e-parent\" data-id=\"7030fd8d\" data-element_type=\"container\" data-e-type=\"container\">\n\t\t\t\t\t<div class=\"e-con-inner\">\n\t\t\t\t<div class=\"elementor-element elementor-element-633d3507 elementor-widget elementor-widget-image\" data-id=\"633d3507\" data-element_type=\"widget\" data-e-type=\"widget\" data-widget_type=\"image.default\">\n\t\t\t\t<div class=\"elementor-widget-container\">\n\t\t\t\t\t\t\t\t\t\t\t\t\t\t\t<img fetchpriority=\"high\" decoding=\"async\" width=\"1024\" height=\"447\" src=\"https:\/\/nantech.info\/wp-content\/uploads\/2025\/01\/Topo-1024x447.png\" class=\"attachment-large size-large wp-image-695\" alt=\"\" srcset=\"https:\/\/nantech.info\/wp-content\/uploads\/2025\/01\/Topo-1024x447.png 1024w, https:\/\/nantech.info\/wp-content\/uploads\/2025\/01\/Topo-300x131.png 300w, https:\/\/nantech.info\/wp-content\/uploads\/2025\/01\/Topo-768x335.png 768w, https:\/\/nantech.info\/wp-content\/uploads\/2025\/01\/Topo.png 1042w\" sizes=\"(max-width: 1024px) 100vw, 1024px\" \/>\t\t\t\t\t\t\t\t\t\t\t\t\t\t\t<\/div>\n\t\t\t\t<\/div>\n\t\t\t\t<div class=\"elementor-element elementor-element-2d72e565 elementor-widget elementor-widget-heading\" data-id=\"2d72e565\" data-element_type=\"widget\" data-e-type=\"widget\" data-widget_type=\"heading.default\">\n\t\t\t\t<div class=\"elementor-widget-container\">\n\t\t\t\t\t<h2 class=\"elementor-heading-title elementor-size-default\">Agendar acolhimento<\/h2>\t\t\t\t<\/div>\n\t\t\t\t<\/div>\n\t\t\t\t\t<\/div>\n\t\t\t\t<\/div>\n\t\t<div class=\"elementor-element elementor-element-22aa9d99 e-flex e-con-boxed e-con e-parent\" data-id=\"22aa9d99\" data-element_type=\"container\" data-e-type=\"container\">\n\t\t\t\t\t<div class=\"e-con-inner\">\n\t\t\t\t<div class=\"elementor-element elementor-element-3350f0ba elementor-widget elementor-widget-heading\" data-id=\"3350f0ba\" data-element_type=\"widget\" data-e-type=\"widget\" data-widget_type=\"heading.default\">\n\t\t\t\t<div class=\"elementor-widget-container\">\n\t\t\t\t\t<h2 class=\"elementor-heading-title elementor-size-default\">-  O que \u00e9 o acolhimento?<\/h2>\t\t\t\t<\/div>\n\t\t\t\t<\/div>\n\t\t\t\t<div class=\"elementor-element elementor-element-d195175 elementor-widget elementor-widget-heading\" data-id=\"d195175\" data-element_type=\"widget\" data-e-type=\"widget\" data-widget_type=\"heading.default\">\n\t\t\t\t<div class=\"elementor-widget-container\">\n\t\t\t\t\t<h2 class=\"elementor-heading-title elementor-size-default\"><a href=\"https:\/\/www.partiufuturo.org.editorasapiens.com.br\/\" target=\"_blank\">O acolhimento \u00e9 um atendimento que voc\u00ea recebe no instituto, pela nossa ASSISTENTE SOCIAL.<br><br>Ela far\u00e1 um cadastro com os seus dados e de sua fam\u00edlia. Ela te dar\u00e1 orienta\u00e7\u00f5es sobre procedimentos que voc\u00ea poder\u00e1 realizar sobre seus direitos, de acordo com suas necessidades.<br><br>Tamb\u00e9m \u00e9 no acolhimento que ela te passar\u00e1 informa\u00e7\u00f5es sobre tudo o que o instituto pode te oferecer.<br><br>Somente a partir do acolhimento, por exemplo, que voc\u00ea ter\u00e1 direito \u00e0 consultas pelo valor social, que geralmente \u00e9 metade do valor de uma consulta normal. Tamb\u00e9m poder\u00e1 ter acesso \u00e0 doa\u00e7\u00f5es e eventos promovidos pelo instituto.<\/a><\/h2>\t\t\t\t<\/div>\n\t\t\t\t<\/div>\n\t\t\t\t\t<\/div>\n\t\t\t\t<\/div>\n\t\t\t\t<\/div>\n\t\t","protected":false},"excerpt":{"rendered":"<p>Agendar acolhimento &#8211; O que \u00e9 o acolhimento? O acolhimento \u00e9 um atendimento que voc\u00ea recebe no instituto, pela nossa ASSISTENTE SOCIAL. Ela far\u00e1 um cadastro com os seus dados e de sua fam\u00edlia. Ela te dar\u00e1 orienta\u00e7\u00f5es sobre procedimentos que voc\u00ea poder\u00e1 realizar sobre seus direitos, de acordo com suas necessidades. Tamb\u00e9m \u00e9 no&hellip;&nbsp;<a href=\"https:\/\/nantech.info\/index.php\/acolhimento\/\" rel=\"bookmark\">Continue a ler &raquo;<span class=\"screen-reader-text\">pf_acolhimento<\/span><\/a><\/p>\n","protected":false},"author":1,"featured_media":0,"parent":0,"menu_order":0,"comment_status":"closed","ping_status":"closed","template":"","meta":{"neve_meta_sidebar":"","neve_meta_container":"","neve_meta_enable_content_width":"","neve_meta_content_width":0,"neve_meta_title_alignment":"","neve_meta_author_avatar":"","neve_post_elements_order":"","neve_meta_disable_header":"","neve_meta_disable_footer":"","neve_meta_disable_title":"","footnotes":""},"class_list":["post-886","page","type-page","status-publish","hentry"],"yoast_head":"<!-- This site is optimized with the Yoast SEO plugin v27.1.1 - https:\/\/yoast.com\/product\/yoast-seo-wordpress\/ -->\n<title>pf_acolhimento - Nantech<\/title>\n<meta name=\"robots\" content=\"index, follow, max-snippet:-1, max-image-preview:large, max-video-preview:-1\" \/>\n<link rel=\"canonical\" href=\"https:\/\/nantech.info\/index.php\/acolhimento\/\" \/>\n<meta property=\"og:locale\" content=\"pt_BR\" \/>\n<meta property=\"og:type\" content=\"article\" \/>\n<meta property=\"og:title\" content=\"pf_acolhimento - Nantech\" \/>\n<meta property=\"og:description\" content=\"Agendar acolhimento &#8211; O que \u00e9 o acolhimento? O acolhimento \u00e9 um atendimento que voc\u00ea recebe no instituto, pela nossa ASSISTENTE SOCIAL. Ela far\u00e1 um cadastro com os seus dados e de sua fam\u00edlia. Ela te dar\u00e1 orienta\u00e7\u00f5es sobre procedimentos que voc\u00ea poder\u00e1 realizar sobre seus direitos, de acordo com suas necessidades. Tamb\u00e9m \u00e9 no&hellip;&nbsp;Continue a ler &raquo;pf_acolhimento\" \/>\n<meta property=\"og:url\" content=\"https:\/\/nantech.info\/index.php\/acolhimento\/\" \/>\n<meta property=\"og:site_name\" content=\"Nantech\" \/>\n<meta property=\"article:modified_time\" content=\"2026-03-14T17:43:50+00:00\" \/>\n<meta property=\"og:image\" content=\"https:\/\/nantech.info\/wp-content\/uploads\/2025\/01\/Topo-1024x447.png\" \/>\n<meta name=\"twitter:card\" content=\"summary_large_image\" \/>\n<meta name=\"twitter:label1\" content=\"Est. tempo de leitura\" \/>\n\t<meta name=\"twitter:data1\" content=\"1 minuto\" \/>\n<script type=\"application\/ld+json\" class=\"yoast-schema-graph\">{\"@context\":\"https:\/\/schema.org\",\"@graph\":[{\"@type\":\"WebPage\",\"@id\":\"https:\/\/nantech.info\/index.php\/acolhimento\/\",\"url\":\"https:\/\/nantech.info\/index.php\/acolhimento\/\",\"name\":\"pf_acolhimento - Nantech\",\"isPartOf\":{\"@id\":\"https:\/\/nantech.info\/#website\"},\"primaryImageOfPage\":{\"@id\":\"https:\/\/nantech.info\/index.php\/acolhimento\/#primaryimage\"},\"image\":{\"@id\":\"https:\/\/nantech.info\/index.php\/acolhimento\/#primaryimage\"},\"thumbnailUrl\":\"https:\/\/nantech.info\/wp-content\/uploads\/2025\/01\/Topo-1024x447.png\",\"datePublished\":\"2026-03-14T17:41:45+00:00\",\"dateModified\":\"2026-03-14T17:43:50+00:00\",\"breadcrumb\":{\"@id\":\"https:\/\/nantech.info\/index.php\/acolhimento\/#breadcrumb\"},\"inLanguage\":\"pt-BR\",\"potentialAction\":[{\"@type\":\"ReadAction\",\"target\":[\"https:\/\/nantech.info\/index.php\/acolhimento\/\"]}]},{\"@type\":\"ImageObject\",\"inLanguage\":\"pt-BR\",\"@id\":\"https:\/\/nantech.info\/index.php\/acolhimento\/#primaryimage\",\"url\":\"https:\/\/nantech.info\/wp-content\/uploads\/2025\/01\/Topo.png\",\"contentUrl\":\"https:\/\/nantech.info\/wp-content\/uploads\/2025\/01\/Topo.png\",\"width\":1042,\"height\":455},{\"@type\":\"BreadcrumbList\",\"@id\":\"https:\/\/nantech.info\/index.php\/acolhimento\/#breadcrumb\",\"itemListElement\":[{\"@type\":\"ListItem\",\"position\":1,\"name\":\"In\u00edcio\",\"item\":\"https:\/\/nantech.info\/\"},{\"@type\":\"ListItem\",\"position\":2,\"name\":\"pf_acolhimento\"}]},{\"@type\":\"WebSite\",\"@id\":\"https:\/\/nantech.info\/#website\",\"url\":\"https:\/\/nantech.info\/\",\"name\":\"Nantech\",\"description\":\"Servi\u00e7os de Tecnologia\",\"publisher\":{\"@id\":\"https:\/\/nantech.info\/#organization\"},\"potentialAction\":[{\"@type\":\"SearchAction\",\"target\":{\"@type\":\"EntryPoint\",\"urlTemplate\":\"https:\/\/nantech.info\/?s={search_term_string}\"},\"query-input\":{\"@type\":\"PropertyValueSpecification\",\"valueRequired\":true,\"valueName\":\"search_term_string\"}}],\"inLanguage\":\"pt-BR\"},{\"@type\":\"Organization\",\"@id\":\"https:\/\/nantech.info\/#organization\",\"name\":\"Nantech\",\"url\":\"https:\/\/nantech.info\/\",\"logo\":{\"@type\":\"ImageObject\",\"inLanguage\":\"pt-BR\",\"@id\":\"https:\/\/nantech.info\/#\/schema\/logo\/image\/\",\"url\":\"https:\/\/nantech.info\/wp-content\/uploads\/2023\/07\/Logo1.png\",\"contentUrl\":\"https:\/\/nantech.info\/wp-content\/uploads\/2023\/07\/Logo1.png\",\"width\":444,\"height\":578,\"caption\":\"Nantech\"},\"image\":{\"@id\":\"https:\/\/nantech.info\/#\/schema\/logo\/image\/\"}}]}<\/script>\n<!-- \/ Yoast SEO plugin. -->","yoast_head_json":{"title":"pf_acolhimento - Nantech","robots":{"index":"index","follow":"follow","max-snippet":"max-snippet:-1","max-image-preview":"max-image-preview:large","max-video-preview":"max-video-preview:-1"},"canonical":"https:\/\/nantech.info\/index.php\/acolhimento\/","og_locale":"pt_BR","og_type":"article","og_title":"pf_acolhimento - Nantech","og_description":"Agendar acolhimento &#8211; O que \u00e9 o acolhimento? O acolhimento \u00e9 um atendimento que voc\u00ea recebe no instituto, pela nossa ASSISTENTE SOCIAL. Ela far\u00e1 um cadastro com os seus dados e de sua fam\u00edlia. Ela te dar\u00e1 orienta\u00e7\u00f5es sobre procedimentos que voc\u00ea poder\u00e1 realizar sobre seus direitos, de acordo com suas necessidades. Tamb\u00e9m \u00e9 no&hellip;&nbsp;Continue a ler &raquo;pf_acolhimento","og_url":"https:\/\/nantech.info\/index.php\/acolhimento\/","og_site_name":"Nantech","article_modified_time":"2026-03-14T17:43:50+00:00","og_image":[{"url":"https:\/\/nantech.info\/wp-content\/uploads\/2025\/01\/Topo-1024x447.png","type":"","width":"","height":""}],"twitter_card":"summary_large_image","twitter_misc":{"Est. tempo de leitura":"1 minuto"},"schema":{"@context":"https:\/\/schema.org","@graph":[{"@type":"WebPage","@id":"https:\/\/nantech.info\/index.php\/acolhimento\/","url":"https:\/\/nantech.info\/index.php\/acolhimento\/","name":"pf_acolhimento - Nantech","isPartOf":{"@id":"https:\/\/nantech.info\/#website"},"primaryImageOfPage":{"@id":"https:\/\/nantech.info\/index.php\/acolhimento\/#primaryimage"},"image":{"@id":"https:\/\/nantech.info\/index.php\/acolhimento\/#primaryimage"},"thumbnailUrl":"https:\/\/nantech.info\/wp-content\/uploads\/2025\/01\/Topo-1024x447.png","datePublished":"2026-03-14T17:41:45+00:00","dateModified":"2026-03-14T17:43:50+00:00","breadcrumb":{"@id":"https:\/\/nantech.info\/index.php\/acolhimento\/#breadcrumb"},"inLanguage":"pt-BR","potentialAction":[{"@type":"ReadAction","target":["https:\/\/nantech.info\/index.php\/acolhimento\/"]}]},{"@type":"ImageObject","inLanguage":"pt-BR","@id":"https:\/\/nantech.info\/index.php\/acolhimento\/#primaryimage","url":"https:\/\/nantech.info\/wp-content\/uploads\/2025\/01\/Topo.png","contentUrl":"https:\/\/nantech.info\/wp-content\/uploads\/2025\/01\/Topo.png","width":1042,"height":455},{"@type":"BreadcrumbList","@id":"https:\/\/nantech.info\/index.php\/acolhimento\/#breadcrumb","itemListElement":[{"@type":"ListItem","position":1,"name":"In\u00edcio","item":"https:\/\/nantech.info\/"},{"@type":"ListItem","position":2,"name":"pf_acolhimento"}]},{"@type":"WebSite","@id":"https:\/\/nantech.info\/#website","url":"https:\/\/nantech.info\/","name":"Nantech","description":"Servi\u00e7os de Tecnologia","publisher":{"@id":"https:\/\/nantech.info\/#organization"},"potentialAction":[{"@type":"SearchAction","target":{"@type":"EntryPoint","urlTemplate":"https:\/\/nantech.info\/?s={search_term_string}"},"query-input":{"@type":"PropertyValueSpecification","valueRequired":true,"valueName":"search_term_string"}}],"inLanguage":"pt-BR"},{"@type":"Organization","@id":"https:\/\/nantech.info\/#organization","name":"Nantech","url":"https:\/\/nantech.info\/","logo":{"@type":"ImageObject","inLanguage":"pt-BR","@id":"https:\/\/nantech.info\/#\/schema\/logo\/image\/","url":"https:\/\/nantech.info\/wp-content\/uploads\/2023\/07\/Logo1.png","contentUrl":"https:\/\/nantech.info\/wp-content\/uploads\/2023\/07\/Logo1.png","width":444,"height":578,"caption":"Nantech"},"image":{"@id":"https:\/\/nantech.info\/#\/schema\/logo\/image\/"}}]}},"jetpack_sharing_enabled":true,"_links":{"self":[{"href":"https:\/\/nantech.info\/index.php\/wp-json\/wp\/v2\/pages\/886","targetHints":{"allow":["GET"]}}],"collection":[{"href":"https:\/\/nantech.info\/index.php\/wp-json\/wp\/v2\/pages"}],"about":[{"href":"https:\/\/nantech.info\/index.php\/wp-json\/wp\/v2\/types\/page"}],"author":[{"embeddable":true,"href":"https:\/\/nantech.info\/index.php\/wp-json\/wp\/v2\/users\/1"}],"replies":[{"embeddable":true,"href":"https:\/\/nantech.info\/index.php\/wp-json\/wp\/v2\/comments?post=886"}],"version-history":[{"count":11,"href":"https:\/\/nantech.info\/index.php\/wp-json\/wp\/v2\/pages\/886\/revisions"}],"predecessor-version":[{"id":897,"href":"https:\/\/nantech.info\/index.php\/wp-json\/wp\/v2\/pages\/886\/revisions\/897"}],"wp:attachment":[{"href":"https:\/\/nantech.info\/index.php\/wp-json\/wp\/v2\/media?parent=886"}],"curies":[{"name":"wp","href":"https:\/\/api.w.org\/{rel}","templated":true}]}}