{"id":803,"date":"2025-09-24T09:33:45","date_gmt":"2025-09-24T12:33:45","guid":{"rendered":"https:\/\/nantech.info\/?page_id=803"},"modified":"2025-09-28T03:22:57","modified_gmt":"2025-09-28T06:22:57","slug":"pesquisa-iptu","status":"publish","type":"page","link":"https:\/\/nantech.info\/index.php\/pesquisa-iptu\/","title":{"rendered":"PESQUISA IPTU"},"content":{"rendered":"\t\t<div data-elementor-type=\"wp-page\" data-elementor-id=\"803\" class=\"elementor elementor-803\">\n\t\t\t\t<div class=\"elementor-element elementor-element-c57c9cb e-con-full e-flex e-con e-parent\" data-id=\"c57c9cb\" data-element_type=\"container\" data-e-type=\"container\" data-settings=\"{&quot;background_background&quot;:&quot;classic&quot;}\">\n\t\t\t\t<div class=\"elementor-element elementor-element-62d11fc0 elementor-widget elementor-widget-image\" data-id=\"62d11fc0\" data-element_type=\"widget\" data-e-type=\"widget\" data-widget_type=\"image.default\">\n\t\t\t\t<div class=\"elementor-widget-container\">\n\t\t\t\t\t\t\t\t\t\t\t\t\t\t\t<img fetchpriority=\"high\" decoding=\"async\" width=\"271\" height=\"300\" src=\"https:\/\/nantech.info\/wp-content\/uploads\/2025\/09\/Brasao-colorido-271x300.jpg\" class=\"attachment-medium size-medium wp-image-799\" alt=\"\" srcset=\"https:\/\/nantech.info\/wp-content\/uploads\/2025\/09\/Brasao-colorido-271x300.jpg 271w, https:\/\/nantech.info\/wp-content\/uploads\/2025\/09\/Brasao-colorido.jpg 377w\" sizes=\"(max-width: 271px) 100vw, 271px\" \/>\t\t\t\t\t\t\t\t\t\t\t\t\t\t\t<\/div>\n\t\t\t\t<\/div>\n\t\t\t\t<\/div>\n\t\t<div class=\"elementor-element elementor-element-653f9718 e-flex e-con-boxed e-con e-parent\" data-id=\"653f9718\" data-element_type=\"container\" data-e-type=\"container\" data-settings=\"{&quot;background_background&quot;:&quot;classic&quot;}\">\n\t\t\t\t\t<div class=\"e-con-inner\">\n\t\t\t\t<div class=\"elementor-element elementor-element-3b2d4f elementor-widget elementor-widget-heading\" data-id=\"3b2d4f\" data-element_type=\"widget\" data-e-type=\"widget\" data-widget_type=\"heading.default\">\n\t\t\t\t<div class=\"elementor-widget-container\">\n\t\t\t\t\t<h2 class=\"elementor-heading-title elementor-size-default\">Pesquisa: Pessoas com Necessidades Especiais<\/h2>\t\t\t\t<\/div>\n\t\t\t\t<\/div>\n\t\t\t\t\t<\/div>\n\t\t\t\t<\/div>\n\t\t<div class=\"elementor-element elementor-element-67920fc7 e-flex e-con-boxed e-con e-parent\" data-id=\"67920fc7\" data-element_type=\"container\" data-e-type=\"container\" data-settings=\"{&quot;background_background&quot;:&quot;classic&quot;}\">\n\t\t\t\t\t<div class=\"e-con-inner\">\n\t\t\t\t<div class=\"elementor-element elementor-element-4076df34 elementor-widget elementor-widget-text-editor\" data-id=\"4076df34\" data-element_type=\"widget\" data-e-type=\"widget\" data-widget_type=\"text-editor.default\">\n\t\t\t\t<div class=\"elementor-widget-container\">\n\t\t\t\t\t\t\t\t\t<p>A Prefeitura de Arapongas quer mapear onde est\u00e3o todas as pessoas que tenham necessidades especiais, para poder desenvolver pol\u00edticas p\u00fablicas em benef\u00edcio dessa causa. Por favor,\u00a0caso voc\u00ea tenha em sua resid\u00eancia uma PESSOA COM DEFICI\u00caNCIA, seja f\u00edsica ou neurodivergente (autista, s\u00edndrome de down, etc), responda a pesquisa abaixo. Os dados ser\u00e3o utilizados EXCLUSIVAMENTE para esse levantamento de dados, nada mais.<\/p>\t\t\t\t\t\t\t\t<\/div>\n\t\t\t\t<\/div>\n\t\t\t\t\t<\/div>\n\t\t\t\t<\/div>\n\t\t<div class=\"elementor-element elementor-element-233cc48 e-con-full e-flex e-con e-parent\" data-id=\"233cc48\" data-element_type=\"container\" data-e-type=\"container\" data-settings=\"{&quot;background_background&quot;:&quot;classic&quot;}\">\n\t\t\t\t<\/div>\n\t\t<div class=\"elementor-element elementor-element-3ae8323d e-flex e-con-boxed e-con e-parent\" data-id=\"3ae8323d\" data-element_type=\"container\" data-e-type=\"container\" data-settings=\"{&quot;background_background&quot;:&quot;classic&quot;}\">\n\t\t\t\t\t<div class=\"e-con-inner\">\n\t\t\t\t<div class=\"elementor-element elementor-element-5947d691 elementor-widget elementor-widget-shortcode\" data-id=\"5947d691\" data-element_type=\"widget\" data-e-type=\"widget\" data-widget_type=\"shortcode.default\">\n\t\t\t\t<div class=\"elementor-widget-container\">\n\t\t\t\t\t\t\t<div class=\"elementor-shortcode\">\n<div class=\"wpcf7 no-js\" id=\"wpcf7-f700-o1\" lang=\"pt-BR\" dir=\"ltr\" data-wpcf7-id=\"700\">\n<div class=\"screen-reader-response\"><p role=\"status\" aria-live=\"polite\" aria-atomic=\"true\"><\/p> <ul><\/ul><\/div>\n<form action=\"\/index.php\/wp-json\/wp\/v2\/pages\/803#wpcf7-f700-o1\" method=\"post\" class=\"wpcf7-form init\" aria-label=\"Formul\u00e1rios de contato\" novalidate=\"novalidate\" data-status=\"init\">\n<fieldset class=\"hidden-fields-container\"><input type=\"hidden\" name=\"_wpcf7\" value=\"700\" \/><input type=\"hidden\" name=\"_wpcf7_version\" value=\"6.1.5\" \/><input type=\"hidden\" name=\"_wpcf7_locale\" value=\"pt_BR\" \/><input type=\"hidden\" name=\"_wpcf7_unit_tag\" value=\"wpcf7-f700-o1\" \/><input type=\"hidden\" name=\"_wpcf7_container_post\" value=\"0\" \/><input type=\"hidden\" name=\"_wpcf7_posted_data_hash\" value=\"\" \/>\n<\/fieldset>\n<p><label> Endere\u00e7o (rua e n\u00famero): <\/label><br \/>\n<span class=\"wpcf7-form-control-wrap\" data-name=\"RUA\"><input size=\"40\" maxlength=\"400\" class=\"wpcf7-form-control wpcf7-text wpcf7-validates-as-required\" aria-required=\"true\" aria-invalid=\"false\" value=\"\" type=\"text\" name=\"RUA\" \/><\/span>\n<\/p>\n<p><label> Bairro: <\/label><br \/>\n<span class=\"wpcf7-form-control-wrap\" data-name=\"BAIRRO\"><input size=\"40\" maxlength=\"400\" class=\"wpcf7-form-control wpcf7-text wpcf7-validates-as-required\" aria-required=\"true\" aria-invalid=\"false\" value=\"\" type=\"text\" name=\"BAIRRO\" \/><\/span>\n<\/p>\n<p><label> Nessa resid\u00eancia existe: <\/label><br \/>\n<span class=\"wpcf7-form-control-wrap\" data-name=\"TIPO_NECESSIDADE\"><span class=\"wpcf7-form-control wpcf7-checkbox wpcf7-validates-as-required\"><span class=\"wpcf7-list-item first\"><label><input type=\"checkbox\" name=\"TIPO_NECESSIDADE[]\" value=\"Deficiente f\u00edsico\" \/><span class=\"wpcf7-list-item-label\">Deficiente f\u00edsico<\/span><\/label><\/span><span class=\"wpcf7-list-item\"><label><input type=\"checkbox\" name=\"TIPO_NECESSIDADE[]\" value=\"Deficiente visual\" \/><span class=\"wpcf7-list-item-label\">Deficiente visual<\/span><\/label><\/span><span class=\"wpcf7-list-item\"><label><input type=\"checkbox\" name=\"TIPO_NECESSIDADE[]\" value=\"Deficiente auditivo\" \/><span class=\"wpcf7-list-item-label\">Deficiente auditivo<\/span><\/label><\/span><span class=\"wpcf7-list-item\"><label><input type=\"checkbox\" name=\"TIPO_NECESSIDADE[]\" value=\"Autista\" \/><span class=\"wpcf7-list-item-label\">Autista<\/span><\/label><\/span><span class=\"wpcf7-list-item\"><label><input type=\"checkbox\" name=\"TIPO_NECESSIDADE[]\" value=\"S\u00edndrome de Down\" \/><span class=\"wpcf7-list-item-label\">S\u00edndrome de Down<\/span><\/label><\/span><span class=\"wpcf7-list-item last\"><label><input type=\"checkbox\" name=\"TIPO_NECESSIDADE[]\" value=\"Outro (escreva abaixo)\" \/><span class=\"wpcf7-list-item-label\">Outro (escreva abaixo)<\/span><\/label><\/span><\/span><\/span><br \/>\n<span class=\"wpcf7-form-control-wrap\" data-name=\"DEFI\"><input size=\"40\" maxlength=\"400\" class=\"wpcf7-form-control wpcf7-text wpcf7-validates-as-required\" aria-required=\"true\" aria-invalid=\"false\" value=\"\" type=\"text\" name=\"DEFI\" \/><\/span>\n<\/p>\n<p><label> Pensando no poder p\u00fablico MUNICIPAL, na sua opini\u00e3o, quais as prioridades do munic\u00edpio para melhorar a vida dos deficientes na cidade? O que poderia ser feito que ainda n\u00e3o tem? <\/label><br \/>\n<span class=\"wpcf7-form-control-wrap\" data-name=\"FAZER\"><textarea cols=\"40\" rows=\"10\" maxlength=\"2000\" class=\"wpcf7-form-control wpcf7-textarea\" aria-invalid=\"false\" name=\"FAZER\"><\/textarea><\/span>\n<\/p>\n<p><label> Na sua opini\u00e3o, quais as maiores dificuldades enfrentadas pelos deficientes em Arapongas?<br \/>\n<\/label><br \/>\n<span class=\"wpcf7-form-control-wrap\" data-name=\"DIFI\"><textarea cols=\"40\" rows=\"10\" maxlength=\"2000\" class=\"wpcf7-form-control wpcf7-textarea\" aria-invalid=\"false\" name=\"DIFI\"><\/textarea><\/span>\n<\/p>\n<p><label> Existe alguma situa\u00e7\u00e3o para deficientes em Arapongas que voc\u00ea acha que j\u00e1 \u00e9 melhor do que em outras cidades? E alguma que voc\u00ea acha que \u00e9 pior? Quais s\u00e3o? <\/label><br \/>\n<span class=\"wpcf7-form-control-wrap\" data-name=\"MELHOR\"><textarea cols=\"40\" rows=\"10\" maxlength=\"2000\" class=\"wpcf7-form-control wpcf7-textarea\" aria-invalid=\"false\" name=\"MELHOR\"><\/textarea><\/span>\n<\/p>\n<p><span class=\"wpcf7-form-control-wrap\" data-name=\"AUTORIZO\"><span class=\"wpcf7-form-control wpcf7-checkbox wpcf7-validates-as-required\"><span class=\"wpcf7-list-item first last\"><label><input type=\"checkbox\" name=\"AUTORIZO[]\" value=\"AUTORIZO a Prefeitura de Arapongas ou Entidades conveniadas a ela, a usar as informa\u00e7\u00f5es deste relat\u00f3rio EXCLUSIVAMENTE para fins de pesquisa e mapeamento\" \/><span class=\"wpcf7-list-item-label\">AUTORIZO a Prefeitura de Arapongas ou Entidades conveniadas a ela, a usar as informa\u00e7\u00f5es deste relat\u00f3rio EXCLUSIVAMENTE para fins de pesquisa e mapeamento<\/span><\/label><\/span><\/span><\/span>\n<\/p>\n<p><input class=\"wpcf7-form-control wpcf7-submit has-spinner\" type=\"submit\" value=\"ENVIAR\" \/>\n<\/p><p style=\"display: none !important;\" class=\"akismet-fields-container\" data-prefix=\"_wpcf7_ak_\"><label>&#916;<textarea name=\"_wpcf7_ak_hp_textarea\" cols=\"45\" rows=\"8\" maxlength=\"100\"><\/textarea><\/label><input type=\"hidden\" id=\"ak_js_1\" name=\"_wpcf7_ak_js\" value=\"225\"\/><script>document.getElementById( \"ak_js_1\" ).setAttribute( \"value\", ( new Date() ).getTime() );<\/script><\/p><div class=\"wpcf7-response-output\" aria-hidden=\"true\"><\/div>\n<\/form>\n<\/div>\n<\/div>\n\t\t\t\t\t\t<\/div>\n\t\t\t\t<\/div>\n\t\t\t\t\t<\/div>\n\t\t\t\t<\/div>\n\t\t\t\t<\/div>\n\t\t","protected":false},"excerpt":{"rendered":"<p>Pesquisa: Pessoas com Necessidades Especiais A Prefeitura de Arapongas quer mapear onde est\u00e3o todas as pessoas que tenham necessidades especiais, para poder desenvolver pol\u00edticas p\u00fablicas em benef\u00edcio dessa causa. Por favor,\u00a0caso voc\u00ea tenha em sua resid\u00eancia uma PESSOA COM DEFICI\u00caNCIA, seja f\u00edsica ou neurodivergente (autista, s\u00edndrome de down, etc), responda a pesquisa abaixo. Os dados&hellip;&nbsp;<a href=\"https:\/\/nantech.info\/index.php\/pesquisa-iptu\/\" rel=\"bookmark\">Continue a ler &raquo;<span class=\"screen-reader-text\">PESQUISA IPTU<\/span><\/a><\/p>\n","protected":false},"author":1,"featured_media":0,"parent":0,"menu_order":0,"comment_status":"closed","ping_status":"closed","template":"elementor_header_footer","meta":{"neve_meta_sidebar":"","neve_meta_container":"","neve_meta_enable_content_width":"","neve_meta_content_width":0,"neve_meta_title_alignment":"","neve_meta_author_avatar":"","neve_post_elements_order":"","neve_meta_disable_header":"","neve_meta_disable_footer":"","neve_meta_disable_title":"","footnotes":""},"class_list":["post-803","page","type-page","status-publish","hentry"],"yoast_head":"<!-- This site is optimized with the Yoast SEO plugin v27.1.1 - https:\/\/yoast.com\/product\/yoast-seo-wordpress\/ -->\n<title>PESQUISA IPTU - Nantech<\/title>\n<meta name=\"robots\" content=\"index, follow, max-snippet:-1, max-image-preview:large, max-video-preview:-1\" \/>\n<link rel=\"canonical\" href=\"https:\/\/nantech.info\/index.php\/pesquisa-iptu\/\" \/>\n<meta property=\"og:locale\" content=\"pt_BR\" \/>\n<meta property=\"og:type\" content=\"article\" \/>\n<meta property=\"og:title\" content=\"PESQUISA IPTU - Nantech\" \/>\n<meta property=\"og:description\" content=\"Pesquisa: Pessoas com Necessidades Especiais A Prefeitura de Arapongas quer mapear onde est\u00e3o todas as pessoas que tenham necessidades especiais, para poder desenvolver pol\u00edticas p\u00fablicas em benef\u00edcio dessa causa. Por favor,\u00a0caso voc\u00ea tenha em sua resid\u00eancia uma PESSOA COM DEFICI\u00caNCIA, seja f\u00edsica ou neurodivergente (autista, s\u00edndrome de down, etc), responda a pesquisa abaixo. Os dados&hellip;&nbsp;Continue a ler &raquo;PESQUISA IPTU\" \/>\n<meta property=\"og:url\" content=\"https:\/\/nantech.info\/index.php\/pesquisa-iptu\/\" \/>\n<meta property=\"og:site_name\" content=\"Nantech\" \/>\n<meta property=\"article:modified_time\" content=\"2025-09-28T06:22:57+00:00\" \/>\n<meta property=\"og:image\" content=\"https:\/\/nantech.info\/wp-content\/uploads\/2025\/09\/Brasao-colorido.jpg\" \/>\n\t<meta property=\"og:image:width\" content=\"377\" \/>\n\t<meta property=\"og:image:height\" content=\"417\" \/>\n\t<meta property=\"og:image:type\" content=\"image\/jpeg\" \/>\n<meta name=\"twitter:card\" content=\"summary_large_image\" \/>\n<meta name=\"twitter:label1\" content=\"Est. tempo de leitura\" \/>\n\t<meta name=\"twitter:data1\" content=\"1 minuto\" \/>\n<script type=\"application\/ld+json\" class=\"yoast-schema-graph\">{\"@context\":\"https:\/\/schema.org\",\"@graph\":[{\"@type\":\"WebPage\",\"@id\":\"https:\/\/nantech.info\/index.php\/pesquisa-iptu\/\",\"url\":\"https:\/\/nantech.info\/index.php\/pesquisa-iptu\/\",\"name\":\"PESQUISA IPTU - Nantech\",\"isPartOf\":{\"@id\":\"https:\/\/nantech.info\/#website\"},\"primaryImageOfPage\":{\"@id\":\"https:\/\/nantech.info\/index.php\/pesquisa-iptu\/#primaryimage\"},\"image\":{\"@id\":\"https:\/\/nantech.info\/index.php\/pesquisa-iptu\/#primaryimage\"},\"thumbnailUrl\":\"https:\/\/nantech.info\/wp-content\/uploads\/2025\/09\/Brasao-colorido-271x300.jpg\",\"datePublished\":\"2025-09-24T12:33:45+00:00\",\"dateModified\":\"2025-09-28T06:22:57+00:00\",\"breadcrumb\":{\"@id\":\"https:\/\/nantech.info\/index.php\/pesquisa-iptu\/#breadcrumb\"},\"inLanguage\":\"pt-BR\",\"potentialAction\":[{\"@type\":\"ReadAction\",\"target\":[\"https:\/\/nantech.info\/index.php\/pesquisa-iptu\/\"]}]},{\"@type\":\"ImageObject\",\"inLanguage\":\"pt-BR\",\"@id\":\"https:\/\/nantech.info\/index.php\/pesquisa-iptu\/#primaryimage\",\"url\":\"https:\/\/nantech.info\/wp-content\/uploads\/2025\/09\/Brasao-colorido.jpg\",\"contentUrl\":\"https:\/\/nantech.info\/wp-content\/uploads\/2025\/09\/Brasao-colorido.jpg\",\"width\":377,\"height\":417},{\"@type\":\"BreadcrumbList\",\"@id\":\"https:\/\/nantech.info\/index.php\/pesquisa-iptu\/#breadcrumb\",\"itemListElement\":[{\"@type\":\"ListItem\",\"position\":1,\"name\":\"In\u00edcio\",\"item\":\"https:\/\/nantech.info\/\"},{\"@type\":\"ListItem\",\"position\":2,\"name\":\"PESQUISA IPTU\"}]},{\"@type\":\"WebSite\",\"@id\":\"https:\/\/nantech.info\/#website\",\"url\":\"https:\/\/nantech.info\/\",\"name\":\"Nantech\",\"description\":\"Servi\u00e7os de Tecnologia\",\"publisher\":{\"@id\":\"https:\/\/nantech.info\/#organization\"},\"potentialAction\":[{\"@type\":\"SearchAction\",\"target\":{\"@type\":\"EntryPoint\",\"urlTemplate\":\"https:\/\/nantech.info\/?s={search_term_string}\"},\"query-input\":{\"@type\":\"PropertyValueSpecification\",\"valueRequired\":true,\"valueName\":\"search_term_string\"}}],\"inLanguage\":\"pt-BR\"},{\"@type\":\"Organization\",\"@id\":\"https:\/\/nantech.info\/#organization\",\"name\":\"Nantech\",\"url\":\"https:\/\/nantech.info\/\",\"logo\":{\"@type\":\"ImageObject\",\"inLanguage\":\"pt-BR\",\"@id\":\"https:\/\/nantech.info\/#\/schema\/logo\/image\/\",\"url\":\"https:\/\/nantech.info\/wp-content\/uploads\/2023\/07\/Logo1.png\",\"contentUrl\":\"https:\/\/nantech.info\/wp-content\/uploads\/2023\/07\/Logo1.png\",\"width\":444,\"height\":578,\"caption\":\"Nantech\"},\"image\":{\"@id\":\"https:\/\/nantech.info\/#\/schema\/logo\/image\/\"}}]}<\/script>\n<!-- \/ Yoast SEO plugin. -->","yoast_head_json":{"title":"PESQUISA IPTU - Nantech","robots":{"index":"index","follow":"follow","max-snippet":"max-snippet:-1","max-image-preview":"max-image-preview:large","max-video-preview":"max-video-preview:-1"},"canonical":"https:\/\/nantech.info\/index.php\/pesquisa-iptu\/","og_locale":"pt_BR","og_type":"article","og_title":"PESQUISA IPTU - Nantech","og_description":"Pesquisa: Pessoas com Necessidades Especiais A Prefeitura de Arapongas quer mapear onde est\u00e3o todas as pessoas que tenham necessidades especiais, para poder desenvolver pol\u00edticas p\u00fablicas em benef\u00edcio dessa causa. Por favor,\u00a0caso voc\u00ea tenha em sua resid\u00eancia uma PESSOA COM DEFICI\u00caNCIA, seja f\u00edsica ou neurodivergente (autista, s\u00edndrome de down, etc), responda a pesquisa abaixo. Os dados&hellip;&nbsp;Continue a ler &raquo;PESQUISA IPTU","og_url":"https:\/\/nantech.info\/index.php\/pesquisa-iptu\/","og_site_name":"Nantech","article_modified_time":"2025-09-28T06:22:57+00:00","og_image":[{"width":377,"height":417,"url":"https:\/\/nantech.info\/wp-content\/uploads\/2025\/09\/Brasao-colorido.jpg","type":"image\/jpeg"}],"twitter_card":"summary_large_image","twitter_misc":{"Est. tempo de leitura":"1 minuto"},"schema":{"@context":"https:\/\/schema.org","@graph":[{"@type":"WebPage","@id":"https:\/\/nantech.info\/index.php\/pesquisa-iptu\/","url":"https:\/\/nantech.info\/index.php\/pesquisa-iptu\/","name":"PESQUISA IPTU - Nantech","isPartOf":{"@id":"https:\/\/nantech.info\/#website"},"primaryImageOfPage":{"@id":"https:\/\/nantech.info\/index.php\/pesquisa-iptu\/#primaryimage"},"image":{"@id":"https:\/\/nantech.info\/index.php\/pesquisa-iptu\/#primaryimage"},"thumbnailUrl":"https:\/\/nantech.info\/wp-content\/uploads\/2025\/09\/Brasao-colorido-271x300.jpg","datePublished":"2025-09-24T12:33:45+00:00","dateModified":"2025-09-28T06:22:57+00:00","breadcrumb":{"@id":"https:\/\/nantech.info\/index.php\/pesquisa-iptu\/#breadcrumb"},"inLanguage":"pt-BR","potentialAction":[{"@type":"ReadAction","target":["https:\/\/nantech.info\/index.php\/pesquisa-iptu\/"]}]},{"@type":"ImageObject","inLanguage":"pt-BR","@id":"https:\/\/nantech.info\/index.php\/pesquisa-iptu\/#primaryimage","url":"https:\/\/nantech.info\/wp-content\/uploads\/2025\/09\/Brasao-colorido.jpg","contentUrl":"https:\/\/nantech.info\/wp-content\/uploads\/2025\/09\/Brasao-colorido.jpg","width":377,"height":417},{"@type":"BreadcrumbList","@id":"https:\/\/nantech.info\/index.php\/pesquisa-iptu\/#breadcrumb","itemListElement":[{"@type":"ListItem","position":1,"name":"In\u00edcio","item":"https:\/\/nantech.info\/"},{"@type":"ListItem","position":2,"name":"PESQUISA IPTU"}]},{"@type":"WebSite","@id":"https:\/\/nantech.info\/#website","url":"https:\/\/nantech.info\/","name":"Nantech","description":"Servi\u00e7os de Tecnologia","publisher":{"@id":"https:\/\/nantech.info\/#organization"},"potentialAction":[{"@type":"SearchAction","target":{"@type":"EntryPoint","urlTemplate":"https:\/\/nantech.info\/?s={search_term_string}"},"query-input":{"@type":"PropertyValueSpecification","valueRequired":true,"valueName":"search_term_string"}}],"inLanguage":"pt-BR"},{"@type":"Organization","@id":"https:\/\/nantech.info\/#organization","name":"Nantech","url":"https:\/\/nantech.info\/","logo":{"@type":"ImageObject","inLanguage":"pt-BR","@id":"https:\/\/nantech.info\/#\/schema\/logo\/image\/","url":"https:\/\/nantech.info\/wp-content\/uploads\/2023\/07\/Logo1.png","contentUrl":"https:\/\/nantech.info\/wp-content\/uploads\/2023\/07\/Logo1.png","width":444,"height":578,"caption":"Nantech"},"image":{"@id":"https:\/\/nantech.info\/#\/schema\/logo\/image\/"}}]}},"jetpack_sharing_enabled":true,"_links":{"self":[{"href":"https:\/\/nantech.info\/index.php\/wp-json\/wp\/v2\/pages\/803","targetHints":{"allow":["GET"]}}],"collection":[{"href":"https:\/\/nantech.info\/index.php\/wp-json\/wp\/v2\/pages"}],"about":[{"href":"https:\/\/nantech.info\/index.php\/wp-json\/wp\/v2\/types\/page"}],"author":[{"embeddable":true,"href":"https:\/\/nantech.info\/index.php\/wp-json\/wp\/v2\/users\/1"}],"replies":[{"embeddable":true,"href":"https:\/\/nantech.info\/index.php\/wp-json\/wp\/v2\/comments?post=803"}],"version-history":[{"count":11,"href":"https:\/\/nantech.info\/index.php\/wp-json\/wp\/v2\/pages\/803\/revisions"}],"predecessor-version":[{"id":817,"href":"https:\/\/nantech.info\/index.php\/wp-json\/wp\/v2\/pages\/803\/revisions\/817"}],"wp:attachment":[{"href":"https:\/\/nantech.info\/index.php\/wp-json\/wp\/v2\/media?parent=803"}],"curies":[{"name":"wp","href":"https:\/\/api.w.org\/{rel}","templated":true}]}}