{"id":693,"date":"2025-01-16T03:57:00","date_gmt":"2025-01-16T06:57:00","guid":{"rendered":"https:\/\/nantech.info\/?page_id=693"},"modified":"2025-01-16T04:06:45","modified_gmt":"2025-01-16T07:06:45","slug":"partiufuturo-tiraduvidas-2","status":"publish","type":"page","link":"https:\/\/nantech.info\/index.php\/partiufuturo-tiraduvidas-2\/","title":{"rendered":"partiufuturo-tiraduvidas"},"content":{"rendered":"\t\t<div data-elementor-type=\"wp-page\" data-elementor-id=\"693\" class=\"elementor elementor-693\">\n\t\t\t\t<div class=\"elementor-element elementor-element-12828b28 e-flex e-con-boxed e-con e-parent\" data-id=\"12828b28\" data-element_type=\"container\" data-e-type=\"container\">\n\t\t\t\t\t<div class=\"e-con-inner\">\n\t\t\t\t<div class=\"elementor-element elementor-element-323cfd85 elementor-widget elementor-widget-image\" data-id=\"323cfd85\" data-element_type=\"widget\" data-e-type=\"widget\" data-widget_type=\"image.default\">\n\t\t\t\t<div class=\"elementor-widget-container\">\n\t\t\t\t\t\t\t\t\t\t\t\t\t\t\t<img fetchpriority=\"high\" decoding=\"async\" width=\"1024\" height=\"447\" src=\"https:\/\/nantech.info\/wp-content\/uploads\/2025\/01\/Topo-1024x447.png\" class=\"attachment-large size-large wp-image-695\" alt=\"\" srcset=\"https:\/\/nantech.info\/wp-content\/uploads\/2025\/01\/Topo-1024x447.png 1024w, https:\/\/nantech.info\/wp-content\/uploads\/2025\/01\/Topo-300x131.png 300w, https:\/\/nantech.info\/wp-content\/uploads\/2025\/01\/Topo-768x335.png 768w, https:\/\/nantech.info\/wp-content\/uploads\/2025\/01\/Topo.png 1042w\" sizes=\"(max-width: 1024px) 100vw, 1024px\" \/>\t\t\t\t\t\t\t\t\t\t\t\t\t\t\t<\/div>\n\t\t\t\t<\/div>\n\t\t\t\t<div class=\"elementor-element elementor-element-207ee35e elementor-widget elementor-widget-heading\" data-id=\"207ee35e\" data-element_type=\"widget\" data-e-type=\"widget\" data-widget_type=\"heading.default\">\n\t\t\t\t<div class=\"elementor-widget-container\">\n\t\t\t\t\t<h2 class=\"elementor-heading-title elementor-size-default\">D\u00daVIDAS FREQUENTES<\/h2>\t\t\t\t<\/div>\n\t\t\t\t<\/div>\n\t\t\t\t\t<\/div>\n\t\t\t\t<\/div>\n\t\t<div class=\"elementor-element elementor-element-3f36405b e-flex e-con-boxed e-con e-parent\" data-id=\"3f36405b\" data-element_type=\"container\" data-e-type=\"container\">\n\t\t\t\t\t<div class=\"e-con-inner\">\n\t\t\t\t<div class=\"elementor-element elementor-element-1f51562d elementor-widget elementor-widget-heading\" data-id=\"1f51562d\" data-element_type=\"widget\" data-e-type=\"widget\" data-widget_type=\"heading.default\">\n\t\t\t\t<div class=\"elementor-widget-container\">\n\t\t\t\t\t<h2 class=\"elementor-heading-title elementor-size-default\">-  Como fa\u00e7o para me cadastrar?<\/h2>\t\t\t\t<\/div>\n\t\t\t\t<\/div>\n\t\t\t\t<div class=\"elementor-element elementor-element-39324785 elementor-widget elementor-widget-heading\" data-id=\"39324785\" data-element_type=\"widget\" data-e-type=\"widget\" data-widget_type=\"heading.default\">\n\t\t\t\t<div class=\"elementor-widget-container\">\n\t\t\t\t\t<h2 class=\"elementor-heading-title elementor-size-default\">1 - Clique em \"Abrir Conta\". <br>2 - Preencha seu CPF e crie uma senha. Quando clicar em \"Criar nova conta\", voc\u00ea ver\u00e1 uma mensagem informando qual seu n\u00famero de usu\u00e1rio. O sistema voltar\u00e1 para a tela inicial, e seu n\u00famero j\u00e1 aparecer\u00e1 escrito no campo correspondente.<br>3 - Digite sua senha no campo e clique em \"Acessar conta\". Sugerimos que antes de clicar nesse bot\u00e3o, selecione a op\u00e7\u00e3o logo abaixo, de salvar o usu\u00e1rio. Assim nas pr\u00f3ximas vezes que for entrar, os campos j\u00e1 estar\u00e3o preenchidos, e voc\u00ea s\u00f3 ter\u00e1 que clicar no bot\u00e3o \"Acessar conta\".<br>4 - Ao entrar pela primeira vez, clique na op\u00e7\u00e3o \"Cadastro do respons\u00e1vel\", e preencha com seus dados. Somente ap\u00f3s conclu\u00eddo \u00e9 que voc\u00ea conseguir\u00e1 cadastrar seus dependentes.<\/h2>\t\t\t\t<\/div>\n\t\t\t\t<\/div>\n\t\t\t\t\t<\/div>\n\t\t\t\t<\/div>\n\t\t\t\t<\/div>\n\t\t","protected":false},"excerpt":{"rendered":"<p>D\u00daVIDAS FREQUENTES &#8211; Como fa\u00e7o para me cadastrar? 1 &#8211; Clique em &#8220;Abrir Conta&#8221;. 2 &#8211; Preencha seu CPF e crie uma senha. Quando clicar em &#8220;Criar nova conta&#8221;, voc\u00ea ver\u00e1 uma mensagem informando qual seu n\u00famero de usu\u00e1rio. O sistema voltar\u00e1 para a tela inicial, e seu n\u00famero j\u00e1 aparecer\u00e1 escrito no campo correspondente.3&hellip;&nbsp;<a href=\"https:\/\/nantech.info\/index.php\/partiufuturo-tiraduvidas-2\/\" rel=\"bookmark\">Continue a ler &raquo;<span class=\"screen-reader-text\">partiufuturo-tiraduvidas<\/span><\/a><\/p>\n","protected":false},"author":1,"featured_media":0,"parent":0,"menu_order":0,"comment_status":"closed","ping_status":"closed","template":"","meta":{"neve_meta_sidebar":"","neve_meta_container":"","neve_meta_enable_content_width":"","neve_meta_content_width":0,"neve_meta_title_alignment":"","neve_meta_author_avatar":"","neve_post_elements_order":"","neve_meta_disable_header":"","neve_meta_disable_footer":"","neve_meta_disable_title":"","footnotes":""},"class_list":["post-693","page","type-page","status-publish","hentry"],"yoast_head":"<!-- This site is optimized with the Yoast SEO plugin v27.1.1 - https:\/\/yoast.com\/product\/yoast-seo-wordpress\/ -->\n<title>partiufuturo-tiraduvidas - Nantech<\/title>\n<meta name=\"robots\" content=\"index, follow, max-snippet:-1, max-image-preview:large, max-video-preview:-1\" \/>\n<link rel=\"canonical\" href=\"https:\/\/nantech.info\/index.php\/partiufuturo-tiraduvidas-2\/\" \/>\n<meta property=\"og:locale\" content=\"pt_BR\" \/>\n<meta property=\"og:type\" content=\"article\" \/>\n<meta property=\"og:title\" content=\"partiufuturo-tiraduvidas - Nantech\" \/>\n<meta property=\"og:description\" content=\"D\u00daVIDAS FREQUENTES &#8211; Como fa\u00e7o para me cadastrar? 1 &#8211; Clique em &#8220;Abrir Conta&#8221;. 2 &#8211; Preencha seu CPF e crie uma senha. Quando clicar em &#8220;Criar nova conta&#8221;, voc\u00ea ver\u00e1 uma mensagem informando qual seu n\u00famero de usu\u00e1rio. O sistema voltar\u00e1 para a tela inicial, e seu n\u00famero j\u00e1 aparecer\u00e1 escrito no campo correspondente.3&hellip;&nbsp;Continue a ler &raquo;partiufuturo-tiraduvidas\" \/>\n<meta property=\"og:url\" content=\"https:\/\/nantech.info\/index.php\/partiufuturo-tiraduvidas-2\/\" \/>\n<meta property=\"og:site_name\" content=\"Nantech\" \/>\n<meta property=\"article:modified_time\" content=\"2025-01-16T07:06:45+00:00\" \/>\n<meta property=\"og:image\" content=\"https:\/\/nantech.info\/wp-content\/uploads\/2025\/01\/Topo-1024x447.png\" \/>\n<meta name=\"twitter:card\" content=\"summary_large_image\" \/>\n<meta name=\"twitter:label1\" content=\"Est. tempo de leitura\" \/>\n\t<meta name=\"twitter:data1\" content=\"1 minuto\" \/>\n<script type=\"application\/ld+json\" class=\"yoast-schema-graph\">{\"@context\":\"https:\/\/schema.org\",\"@graph\":[{\"@type\":\"WebPage\",\"@id\":\"https:\/\/nantech.info\/index.php\/partiufuturo-tiraduvidas-2\/\",\"url\":\"https:\/\/nantech.info\/index.php\/partiufuturo-tiraduvidas-2\/\",\"name\":\"partiufuturo-tiraduvidas - Nantech\",\"isPartOf\":{\"@id\":\"https:\/\/nantech.info\/#website\"},\"primaryImageOfPage\":{\"@id\":\"https:\/\/nantech.info\/index.php\/partiufuturo-tiraduvidas-2\/#primaryimage\"},\"image\":{\"@id\":\"https:\/\/nantech.info\/index.php\/partiufuturo-tiraduvidas-2\/#primaryimage\"},\"thumbnailUrl\":\"https:\/\/nantech.info\/wp-content\/uploads\/2025\/01\/Topo-1024x447.png\",\"datePublished\":\"2025-01-16T06:57:00+00:00\",\"dateModified\":\"2025-01-16T07:06:45+00:00\",\"breadcrumb\":{\"@id\":\"https:\/\/nantech.info\/index.php\/partiufuturo-tiraduvidas-2\/#breadcrumb\"},\"inLanguage\":\"pt-BR\",\"potentialAction\":[{\"@type\":\"ReadAction\",\"target\":[\"https:\/\/nantech.info\/index.php\/partiufuturo-tiraduvidas-2\/\"]}]},{\"@type\":\"ImageObject\",\"inLanguage\":\"pt-BR\",\"@id\":\"https:\/\/nantech.info\/index.php\/partiufuturo-tiraduvidas-2\/#primaryimage\",\"url\":\"https:\/\/nantech.info\/wp-content\/uploads\/2025\/01\/Topo.png\",\"contentUrl\":\"https:\/\/nantech.info\/wp-content\/uploads\/2025\/01\/Topo.png\",\"width\":1042,\"height\":455},{\"@type\":\"BreadcrumbList\",\"@id\":\"https:\/\/nantech.info\/index.php\/partiufuturo-tiraduvidas-2\/#breadcrumb\",\"itemListElement\":[{\"@type\":\"ListItem\",\"position\":1,\"name\":\"In\u00edcio\",\"item\":\"https:\/\/nantech.info\/\"},{\"@type\":\"ListItem\",\"position\":2,\"name\":\"partiufuturo-tiraduvidas\"}]},{\"@type\":\"WebSite\",\"@id\":\"https:\/\/nantech.info\/#website\",\"url\":\"https:\/\/nantech.info\/\",\"name\":\"Nantech\",\"description\":\"Servi\u00e7os de Tecnologia\",\"publisher\":{\"@id\":\"https:\/\/nantech.info\/#organization\"},\"potentialAction\":[{\"@type\":\"SearchAction\",\"target\":{\"@type\":\"EntryPoint\",\"urlTemplate\":\"https:\/\/nantech.info\/?s={search_term_string}\"},\"query-input\":{\"@type\":\"PropertyValueSpecification\",\"valueRequired\":true,\"valueName\":\"search_term_string\"}}],\"inLanguage\":\"pt-BR\"},{\"@type\":\"Organization\",\"@id\":\"https:\/\/nantech.info\/#organization\",\"name\":\"Nantech\",\"url\":\"https:\/\/nantech.info\/\",\"logo\":{\"@type\":\"ImageObject\",\"inLanguage\":\"pt-BR\",\"@id\":\"https:\/\/nantech.info\/#\/schema\/logo\/image\/\",\"url\":\"https:\/\/nantech.info\/wp-content\/uploads\/2023\/07\/Logo1.png\",\"contentUrl\":\"https:\/\/nantech.info\/wp-content\/uploads\/2023\/07\/Logo1.png\",\"width\":444,\"height\":578,\"caption\":\"Nantech\"},\"image\":{\"@id\":\"https:\/\/nantech.info\/#\/schema\/logo\/image\/\"}}]}<\/script>\n<!-- \/ Yoast SEO plugin. -->","yoast_head_json":{"title":"partiufuturo-tiraduvidas - Nantech","robots":{"index":"index","follow":"follow","max-snippet":"max-snippet:-1","max-image-preview":"max-image-preview:large","max-video-preview":"max-video-preview:-1"},"canonical":"https:\/\/nantech.info\/index.php\/partiufuturo-tiraduvidas-2\/","og_locale":"pt_BR","og_type":"article","og_title":"partiufuturo-tiraduvidas - Nantech","og_description":"D\u00daVIDAS FREQUENTES &#8211; Como fa\u00e7o para me cadastrar? 1 &#8211; Clique em &#8220;Abrir Conta&#8221;. 2 &#8211; Preencha seu CPF e crie uma senha. Quando clicar em &#8220;Criar nova conta&#8221;, voc\u00ea ver\u00e1 uma mensagem informando qual seu n\u00famero de usu\u00e1rio. O sistema voltar\u00e1 para a tela inicial, e seu n\u00famero j\u00e1 aparecer\u00e1 escrito no campo correspondente.3&hellip;&nbsp;Continue a ler &raquo;partiufuturo-tiraduvidas","og_url":"https:\/\/nantech.info\/index.php\/partiufuturo-tiraduvidas-2\/","og_site_name":"Nantech","article_modified_time":"2025-01-16T07:06:45+00:00","og_image":[{"url":"https:\/\/nantech.info\/wp-content\/uploads\/2025\/01\/Topo-1024x447.png","type":"","width":"","height":""}],"twitter_card":"summary_large_image","twitter_misc":{"Est. tempo de leitura":"1 minuto"},"schema":{"@context":"https:\/\/schema.org","@graph":[{"@type":"WebPage","@id":"https:\/\/nantech.info\/index.php\/partiufuturo-tiraduvidas-2\/","url":"https:\/\/nantech.info\/index.php\/partiufuturo-tiraduvidas-2\/","name":"partiufuturo-tiraduvidas - Nantech","isPartOf":{"@id":"https:\/\/nantech.info\/#website"},"primaryImageOfPage":{"@id":"https:\/\/nantech.info\/index.php\/partiufuturo-tiraduvidas-2\/#primaryimage"},"image":{"@id":"https:\/\/nantech.info\/index.php\/partiufuturo-tiraduvidas-2\/#primaryimage"},"thumbnailUrl":"https:\/\/nantech.info\/wp-content\/uploads\/2025\/01\/Topo-1024x447.png","datePublished":"2025-01-16T06:57:00+00:00","dateModified":"2025-01-16T07:06:45+00:00","breadcrumb":{"@id":"https:\/\/nantech.info\/index.php\/partiufuturo-tiraduvidas-2\/#breadcrumb"},"inLanguage":"pt-BR","potentialAction":[{"@type":"ReadAction","target":["https:\/\/nantech.info\/index.php\/partiufuturo-tiraduvidas-2\/"]}]},{"@type":"ImageObject","inLanguage":"pt-BR","@id":"https:\/\/nantech.info\/index.php\/partiufuturo-tiraduvidas-2\/#primaryimage","url":"https:\/\/nantech.info\/wp-content\/uploads\/2025\/01\/Topo.png","contentUrl":"https:\/\/nantech.info\/wp-content\/uploads\/2025\/01\/Topo.png","width":1042,"height":455},{"@type":"BreadcrumbList","@id":"https:\/\/nantech.info\/index.php\/partiufuturo-tiraduvidas-2\/#breadcrumb","itemListElement":[{"@type":"ListItem","position":1,"name":"In\u00edcio","item":"https:\/\/nantech.info\/"},{"@type":"ListItem","position":2,"name":"partiufuturo-tiraduvidas"}]},{"@type":"WebSite","@id":"https:\/\/nantech.info\/#website","url":"https:\/\/nantech.info\/","name":"Nantech","description":"Servi\u00e7os de Tecnologia","publisher":{"@id":"https:\/\/nantech.info\/#organization"},"potentialAction":[{"@type":"SearchAction","target":{"@type":"EntryPoint","urlTemplate":"https:\/\/nantech.info\/?s={search_term_string}"},"query-input":{"@type":"PropertyValueSpecification","valueRequired":true,"valueName":"search_term_string"}}],"inLanguage":"pt-BR"},{"@type":"Organization","@id":"https:\/\/nantech.info\/#organization","name":"Nantech","url":"https:\/\/nantech.info\/","logo":{"@type":"ImageObject","inLanguage":"pt-BR","@id":"https:\/\/nantech.info\/#\/schema\/logo\/image\/","url":"https:\/\/nantech.info\/wp-content\/uploads\/2023\/07\/Logo1.png","contentUrl":"https:\/\/nantech.info\/wp-content\/uploads\/2023\/07\/Logo1.png","width":444,"height":578,"caption":"Nantech"},"image":{"@id":"https:\/\/nantech.info\/#\/schema\/logo\/image\/"}}]}},"jetpack_sharing_enabled":true,"_links":{"self":[{"href":"https:\/\/nantech.info\/index.php\/wp-json\/wp\/v2\/pages\/693","targetHints":{"allow":["GET"]}}],"collection":[{"href":"https:\/\/nantech.info\/index.php\/wp-json\/wp\/v2\/pages"}],"about":[{"href":"https:\/\/nantech.info\/index.php\/wp-json\/wp\/v2\/types\/page"}],"author":[{"embeddable":true,"href":"https:\/\/nantech.info\/index.php\/wp-json\/wp\/v2\/users\/1"}],"replies":[{"embeddable":true,"href":"https:\/\/nantech.info\/index.php\/wp-json\/wp\/v2\/comments?post=693"}],"version-history":[{"count":4,"href":"https:\/\/nantech.info\/index.php\/wp-json\/wp\/v2\/pages\/693\/revisions"}],"predecessor-version":[{"id":698,"href":"https:\/\/nantech.info\/index.php\/wp-json\/wp\/v2\/pages\/693\/revisions\/698"}],"wp:attachment":[{"href":"https:\/\/nantech.info\/index.php\/wp-json\/wp\/v2\/media?parent=693"}],"curies":[{"name":"wp","href":"https:\/\/api.w.org\/{rel}","templated":true}]}}