{"id":639,"date":"2024-09-25T07:19:47","date_gmt":"2024-09-25T10:19:47","guid":{"rendered":"https:\/\/nantech.info\/?page_id=639"},"modified":"2025-01-16T03:53:54","modified_gmt":"2025-01-16T06:53:54","slug":"partiufuturo-tiraduvidas","status":"publish","type":"page","link":"https:\/\/nantech.info\/index.php\/partiufuturo-tiraduvidas\/","title":{"rendered":"gelis-tiraduvidas"},"content":{"rendered":"\t\t<div data-elementor-type=\"wp-page\" data-elementor-id=\"639\" class=\"elementor elementor-639\">\n\t\t\t\t<div class=\"elementor-element elementor-element-651140b e-flex e-con-boxed e-con e-parent\" data-id=\"651140b\" data-element_type=\"container\" data-e-type=\"container\">\n\t\t\t\t\t<div class=\"e-con-inner\">\n\t\t\t\t<div class=\"elementor-element elementor-element-3370209 elementor-widget elementor-widget-image\" data-id=\"3370209\" data-element_type=\"widget\" data-e-type=\"widget\" data-widget_type=\"image.default\">\n\t\t\t\t<div class=\"elementor-widget-container\">\n\t\t\t\t\t\t\t\t\t\t\t\t\t\t\t<img fetchpriority=\"high\" decoding=\"async\" width=\"792\" height=\"187\" src=\"https:\/\/nantech.info\/wp-content\/uploads\/2024\/09\/Cabecalho-A4.png\" class=\"attachment-large size-large wp-image-641\" alt=\"\" srcset=\"https:\/\/nantech.info\/wp-content\/uploads\/2024\/09\/Cabecalho-A4.png 792w, https:\/\/nantech.info\/wp-content\/uploads\/2024\/09\/Cabecalho-A4-300x71.png 300w, https:\/\/nantech.info\/wp-content\/uploads\/2024\/09\/Cabecalho-A4-768x181.png 768w\" sizes=\"(max-width: 792px) 100vw, 792px\" \/>\t\t\t\t\t\t\t\t\t\t\t\t\t\t\t<\/div>\n\t\t\t\t<\/div>\n\t\t\t\t<div class=\"elementor-element elementor-element-ecf4542 elementor-widget elementor-widget-heading\" data-id=\"ecf4542\" data-element_type=\"widget\" data-e-type=\"widget\" data-widget_type=\"heading.default\">\n\t\t\t\t<div class=\"elementor-widget-container\">\n\t\t\t\t\t<h2 class=\"elementor-heading-title elementor-size-default\">D\u00daVIDAS FREQUENTES<\/h2>\t\t\t\t<\/div>\n\t\t\t\t<\/div>\n\t\t\t\t\t<\/div>\n\t\t\t\t<\/div>\n\t\t<div class=\"elementor-element elementor-element-86c2797 e-flex e-con-boxed e-con e-parent\" data-id=\"86c2797\" data-element_type=\"container\" data-e-type=\"container\">\n\t\t\t\t\t<div class=\"e-con-inner\">\n\t\t\t\t<div class=\"elementor-element elementor-element-1c98412 elementor-widget elementor-widget-heading\" data-id=\"1c98412\" data-element_type=\"widget\" data-e-type=\"widget\" data-widget_type=\"heading.default\">\n\t\t\t\t<div class=\"elementor-widget-container\">\n\t\t\t\t\t<h2 class=\"elementor-heading-title elementor-size-default\">-  Como funciona a assinatura de sorvete?<\/h2>\t\t\t\t<\/div>\n\t\t\t\t<\/div>\n\t\t\t\t<div class=\"elementor-element elementor-element-8084e6b elementor-widget elementor-widget-heading\" data-id=\"8084e6b\" data-element_type=\"widget\" data-e-type=\"widget\" data-widget_type=\"heading.default\">\n\t\t\t\t<div class=\"elementor-widget-container\">\n\t\t\t\t\t<h2 class=\"elementor-heading-title elementor-size-default\">R: Voc\u00ea escolhe um plano pelo app, e paga uma mensalidade. Todo m\u00eas, no dia escolhido por voc\u00ea, receber\u00e1 os produtos referentes ao plano escolhido. Com a assinatura, voc\u00ea adquire os melhores produtos a pre\u00e7os diferenciados, al\u00e9m de brindes e outras vantagens, como participa\u00e7\u00e3o em eventos, etc.<\/h2>\t\t\t\t<\/div>\n\t\t\t\t<\/div>\n\t\t\t\t<div class=\"elementor-element elementor-element-78dbd62 elementor-widget elementor-widget-heading\" data-id=\"78dbd62\" data-element_type=\"widget\" data-e-type=\"widget\" data-widget_type=\"heading.default\">\n\t\t\t\t<div class=\"elementor-widget-container\">\n\t\t\t\t\t<h2 class=\"elementor-heading-title elementor-size-default\">- Se eu me cadastrar no app, j\u00e1 tenho que pagar?<\/h2>\t\t\t\t<\/div>\n\t\t\t\t<\/div>\n\t\t\t\t<div class=\"elementor-element elementor-element-1d2523c elementor-widget elementor-widget-heading\" data-id=\"1d2523c\" data-element_type=\"widget\" data-e-type=\"widget\" data-widget_type=\"heading.default\">\n\t\t\t\t<div class=\"elementor-widget-container\">\n\t\t\t\t\t<h2 class=\"elementor-heading-title elementor-size-default\">R: N\u00c3O! Seu cadastro serve para termos seu endere\u00e7o de entrega e contato. Com ele, voc\u00ea pode fazer compras avulsas de nossos produtos, sem necessariamente fazer uma assinatura.<\/h2>\t\t\t\t<\/div>\n\t\t\t\t<\/div>\n\t\t<div class=\"elementor-element elementor-element-7861016 e-flex e-con-boxed e-con e-child\" data-id=\"7861016\" data-element_type=\"container\" data-e-type=\"container\">\n\t\t\t\t\t<div class=\"e-con-inner\">\n\t\t\t\t<div class=\"elementor-element elementor-element-4b40b1e elementor-widget elementor-widget-heading\" data-id=\"4b40b1e\" data-element_type=\"widget\" data-e-type=\"widget\" data-widget_type=\"heading.default\">\n\t\t\t\t<div class=\"elementor-widget-container\">\n\t\t\t\t\t<h2 class=\"elementor-heading-title elementor-size-default\">- Na assinatura, existe fidelidade?<\/h2>\t\t\t\t<\/div>\n\t\t\t\t<\/div>\n\t\t\t\t<div class=\"elementor-element elementor-element-a632f87 elementor-widget elementor-widget-heading\" data-id=\"a632f87\" data-element_type=\"widget\" data-e-type=\"widget\" data-widget_type=\"heading.default\">\n\t\t\t\t<div class=\"elementor-widget-container\">\n\t\t\t\t\t<h2 class=\"elementor-heading-title elementor-size-default\">R: N\u00c3O! Voc\u00ea pode cancelar quando quiser, sem taxas ou multas. Por\u00e9m, quanto mais tempo mantiver sua assinatura, mais descontos, promo\u00e7\u00f5es e brindes voc\u00ea ganhar\u00e1.<\/h2>\t\t\t\t<\/div>\n\t\t\t\t<\/div>\n\t\t\t\t\t<\/div>\n\t\t\t\t<\/div>\n\t\t<div class=\"elementor-element elementor-element-be23cbb e-flex e-con-boxed e-con e-child\" data-id=\"be23cbb\" data-element_type=\"container\" data-e-type=\"container\">\n\t\t\t\t\t<div class=\"e-con-inner\">\n\t\t\t\t<div class=\"elementor-element elementor-element-438d8f4 elementor-widget elementor-widget-heading\" data-id=\"438d8f4\" data-element_type=\"widget\" data-e-type=\"widget\" data-widget_type=\"heading.default\">\n\t\t\t\t<div class=\"elementor-widget-container\">\n\t\t\t\t\t<h2 class=\"elementor-heading-title elementor-size-default\">- Qual \u00e9 a taxa de entrega que pagarei?<\/h2>\t\t\t\t<\/div>\n\t\t\t\t<\/div>\n\t\t\t\t<div class=\"elementor-element elementor-element-8b86be2 elementor-widget elementor-widget-heading\" data-id=\"8b86be2\" data-element_type=\"widget\" data-e-type=\"widget\" data-widget_type=\"heading.default\">\n\t\t\t\t<div class=\"elementor-widget-container\">\n\t\t\t\t\t<h2 class=\"elementor-heading-title elementor-size-default\">R: N\u00e3o h\u00e1 taxa de entrega para nossos assinantes. Para pedidos avulsos de n\u00e3o assinantes, \u00e9 necess\u00e1rio uma compra de um valor m\u00ednimo, para conseguirmos manter sem taxa tamb\u00e9m. Esse valor sempre ser\u00e1 informado no ato da compra.<\/h2>\t\t\t\t<\/div>\n\t\t\t\t<\/div>\n\t\t\t\t\t<\/div>\n\t\t\t\t<\/div>\n\t\t\t\t\t<\/div>\n\t\t\t\t<\/div>\n\t\t\t\t<\/div>\n\t\t","protected":false},"excerpt":{"rendered":"<p>D\u00daVIDAS FREQUENTES &#8211; Como funciona a assinatura de sorvete? R: Voc\u00ea escolhe um plano pelo app, e paga uma mensalidade. Todo m\u00eas, no dia escolhido por voc\u00ea, receber\u00e1 os produtos referentes ao plano escolhido. Com a assinatura, voc\u00ea adquire os melhores produtos a pre\u00e7os diferenciados, al\u00e9m de brindes e outras vantagens, como participa\u00e7\u00e3o em eventos,&hellip;&nbsp;<a href=\"https:\/\/nantech.info\/index.php\/partiufuturo-tiraduvidas\/\" rel=\"bookmark\">Continue a ler &raquo;<span class=\"screen-reader-text\">gelis-tiraduvidas<\/span><\/a><\/p>\n","protected":false},"author":1,"featured_media":0,"parent":0,"menu_order":0,"comment_status":"closed","ping_status":"closed","template":"page-templates\/template-pagebuilder-full-width.php","meta":{"neve_meta_sidebar":"","neve_meta_container":"","neve_meta_enable_content_width":"","neve_meta_content_width":0,"neve_meta_title_alignment":"","neve_meta_author_avatar":"","neve_post_elements_order":"","neve_meta_disable_header":"","neve_meta_disable_footer":"","neve_meta_disable_title":"","footnotes":""},"class_list":["post-639","page","type-page","status-publish","hentry"],"yoast_head":"<!-- This site is optimized with the Yoast SEO plugin v27.1.1 - https:\/\/yoast.com\/product\/yoast-seo-wordpress\/ -->\n<title>gelis-tiraduvidas - Nantech<\/title>\n<meta name=\"robots\" content=\"index, follow, max-snippet:-1, max-image-preview:large, max-video-preview:-1\" \/>\n<link rel=\"canonical\" href=\"https:\/\/nantech.info\/index.php\/partiufuturo-tiraduvidas\/\" \/>\n<meta property=\"og:locale\" content=\"pt_BR\" \/>\n<meta property=\"og:type\" content=\"article\" \/>\n<meta property=\"og:title\" content=\"gelis-tiraduvidas - Nantech\" \/>\n<meta property=\"og:description\" content=\"D\u00daVIDAS FREQUENTES &#8211; Como funciona a assinatura de sorvete? R: Voc\u00ea escolhe um plano pelo app, e paga uma mensalidade. Todo m\u00eas, no dia escolhido por voc\u00ea, receber\u00e1 os produtos referentes ao plano escolhido. Com a assinatura, voc\u00ea adquire os melhores produtos a pre\u00e7os diferenciados, al\u00e9m de brindes e outras vantagens, como participa\u00e7\u00e3o em eventos,&hellip;&nbsp;Continue a ler &raquo;gelis-tiraduvidas\" \/>\n<meta property=\"og:url\" content=\"https:\/\/nantech.info\/index.php\/partiufuturo-tiraduvidas\/\" \/>\n<meta property=\"og:site_name\" content=\"Nantech\" \/>\n<meta property=\"article:modified_time\" content=\"2025-01-16T06:53:54+00:00\" \/>\n<meta property=\"og:image\" content=\"https:\/\/nantech.info\/wp-content\/uploads\/2024\/09\/Cabecalho-A4.png\" \/>\n<meta name=\"twitter:card\" content=\"summary_large_image\" \/>\n<meta name=\"twitter:label1\" content=\"Est. tempo de leitura\" \/>\n\t<meta name=\"twitter:data1\" content=\"1 minuto\" \/>\n<script type=\"application\/ld+json\" class=\"yoast-schema-graph\">{\"@context\":\"https:\/\/schema.org\",\"@graph\":[{\"@type\":\"WebPage\",\"@id\":\"https:\/\/nantech.info\/index.php\/partiufuturo-tiraduvidas\/\",\"url\":\"https:\/\/nantech.info\/index.php\/partiufuturo-tiraduvidas\/\",\"name\":\"gelis-tiraduvidas - Nantech\",\"isPartOf\":{\"@id\":\"https:\/\/nantech.info\/#website\"},\"primaryImageOfPage\":{\"@id\":\"https:\/\/nantech.info\/index.php\/partiufuturo-tiraduvidas\/#primaryimage\"},\"image\":{\"@id\":\"https:\/\/nantech.info\/index.php\/partiufuturo-tiraduvidas\/#primaryimage\"},\"thumbnailUrl\":\"https:\/\/nantech.info\/wp-content\/uploads\/2024\/09\/Cabecalho-A4.png\",\"datePublished\":\"2024-09-25T10:19:47+00:00\",\"dateModified\":\"2025-01-16T06:53:54+00:00\",\"breadcrumb\":{\"@id\":\"https:\/\/nantech.info\/index.php\/partiufuturo-tiraduvidas\/#breadcrumb\"},\"inLanguage\":\"pt-BR\",\"potentialAction\":[{\"@type\":\"ReadAction\",\"target\":[\"https:\/\/nantech.info\/index.php\/partiufuturo-tiraduvidas\/\"]}]},{\"@type\":\"ImageObject\",\"inLanguage\":\"pt-BR\",\"@id\":\"https:\/\/nantech.info\/index.php\/partiufuturo-tiraduvidas\/#primaryimage\",\"url\":\"https:\/\/nantech.info\/wp-content\/uploads\/2024\/09\/Cabecalho-A4.png\",\"contentUrl\":\"https:\/\/nantech.info\/wp-content\/uploads\/2024\/09\/Cabecalho-A4.png\",\"width\":792,\"height\":187},{\"@type\":\"BreadcrumbList\",\"@id\":\"https:\/\/nantech.info\/index.php\/partiufuturo-tiraduvidas\/#breadcrumb\",\"itemListElement\":[{\"@type\":\"ListItem\",\"position\":1,\"name\":\"In\u00edcio\",\"item\":\"https:\/\/nantech.info\/\"},{\"@type\":\"ListItem\",\"position\":2,\"name\":\"gelis-tiraduvidas\"}]},{\"@type\":\"WebSite\",\"@id\":\"https:\/\/nantech.info\/#website\",\"url\":\"https:\/\/nantech.info\/\",\"name\":\"Nantech\",\"description\":\"Servi\u00e7os de Tecnologia\",\"publisher\":{\"@id\":\"https:\/\/nantech.info\/#organization\"},\"potentialAction\":[{\"@type\":\"SearchAction\",\"target\":{\"@type\":\"EntryPoint\",\"urlTemplate\":\"https:\/\/nantech.info\/?s={search_term_string}\"},\"query-input\":{\"@type\":\"PropertyValueSpecification\",\"valueRequired\":true,\"valueName\":\"search_term_string\"}}],\"inLanguage\":\"pt-BR\"},{\"@type\":\"Organization\",\"@id\":\"https:\/\/nantech.info\/#organization\",\"name\":\"Nantech\",\"url\":\"https:\/\/nantech.info\/\",\"logo\":{\"@type\":\"ImageObject\",\"inLanguage\":\"pt-BR\",\"@id\":\"https:\/\/nantech.info\/#\/schema\/logo\/image\/\",\"url\":\"https:\/\/nantech.info\/wp-content\/uploads\/2023\/07\/Logo1.png\",\"contentUrl\":\"https:\/\/nantech.info\/wp-content\/uploads\/2023\/07\/Logo1.png\",\"width\":444,\"height\":578,\"caption\":\"Nantech\"},\"image\":{\"@id\":\"https:\/\/nantech.info\/#\/schema\/logo\/image\/\"}}]}<\/script>\n<!-- \/ Yoast SEO plugin. -->","yoast_head_json":{"title":"gelis-tiraduvidas - Nantech","robots":{"index":"index","follow":"follow","max-snippet":"max-snippet:-1","max-image-preview":"max-image-preview:large","max-video-preview":"max-video-preview:-1"},"canonical":"https:\/\/nantech.info\/index.php\/partiufuturo-tiraduvidas\/","og_locale":"pt_BR","og_type":"article","og_title":"gelis-tiraduvidas - Nantech","og_description":"D\u00daVIDAS FREQUENTES &#8211; Como funciona a assinatura de sorvete? R: Voc\u00ea escolhe um plano pelo app, e paga uma mensalidade. Todo m\u00eas, no dia escolhido por voc\u00ea, receber\u00e1 os produtos referentes ao plano escolhido. Com a assinatura, voc\u00ea adquire os melhores produtos a pre\u00e7os diferenciados, al\u00e9m de brindes e outras vantagens, como participa\u00e7\u00e3o em eventos,&hellip;&nbsp;Continue a ler &raquo;gelis-tiraduvidas","og_url":"https:\/\/nantech.info\/index.php\/partiufuturo-tiraduvidas\/","og_site_name":"Nantech","article_modified_time":"2025-01-16T06:53:54+00:00","og_image":[{"url":"https:\/\/nantech.info\/wp-content\/uploads\/2024\/09\/Cabecalho-A4.png","type":"","width":"","height":""}],"twitter_card":"summary_large_image","twitter_misc":{"Est. tempo de leitura":"1 minuto"},"schema":{"@context":"https:\/\/schema.org","@graph":[{"@type":"WebPage","@id":"https:\/\/nantech.info\/index.php\/partiufuturo-tiraduvidas\/","url":"https:\/\/nantech.info\/index.php\/partiufuturo-tiraduvidas\/","name":"gelis-tiraduvidas - Nantech","isPartOf":{"@id":"https:\/\/nantech.info\/#website"},"primaryImageOfPage":{"@id":"https:\/\/nantech.info\/index.php\/partiufuturo-tiraduvidas\/#primaryimage"},"image":{"@id":"https:\/\/nantech.info\/index.php\/partiufuturo-tiraduvidas\/#primaryimage"},"thumbnailUrl":"https:\/\/nantech.info\/wp-content\/uploads\/2024\/09\/Cabecalho-A4.png","datePublished":"2024-09-25T10:19:47+00:00","dateModified":"2025-01-16T06:53:54+00:00","breadcrumb":{"@id":"https:\/\/nantech.info\/index.php\/partiufuturo-tiraduvidas\/#breadcrumb"},"inLanguage":"pt-BR","potentialAction":[{"@type":"ReadAction","target":["https:\/\/nantech.info\/index.php\/partiufuturo-tiraduvidas\/"]}]},{"@type":"ImageObject","inLanguage":"pt-BR","@id":"https:\/\/nantech.info\/index.php\/partiufuturo-tiraduvidas\/#primaryimage","url":"https:\/\/nantech.info\/wp-content\/uploads\/2024\/09\/Cabecalho-A4.png","contentUrl":"https:\/\/nantech.info\/wp-content\/uploads\/2024\/09\/Cabecalho-A4.png","width":792,"height":187},{"@type":"BreadcrumbList","@id":"https:\/\/nantech.info\/index.php\/partiufuturo-tiraduvidas\/#breadcrumb","itemListElement":[{"@type":"ListItem","position":1,"name":"In\u00edcio","item":"https:\/\/nantech.info\/"},{"@type":"ListItem","position":2,"name":"gelis-tiraduvidas"}]},{"@type":"WebSite","@id":"https:\/\/nantech.info\/#website","url":"https:\/\/nantech.info\/","name":"Nantech","description":"Servi\u00e7os de Tecnologia","publisher":{"@id":"https:\/\/nantech.info\/#organization"},"potentialAction":[{"@type":"SearchAction","target":{"@type":"EntryPoint","urlTemplate":"https:\/\/nantech.info\/?s={search_term_string}"},"query-input":{"@type":"PropertyValueSpecification","valueRequired":true,"valueName":"search_term_string"}}],"inLanguage":"pt-BR"},{"@type":"Organization","@id":"https:\/\/nantech.info\/#organization","name":"Nantech","url":"https:\/\/nantech.info\/","logo":{"@type":"ImageObject","inLanguage":"pt-BR","@id":"https:\/\/nantech.info\/#\/schema\/logo\/image\/","url":"https:\/\/nantech.info\/wp-content\/uploads\/2023\/07\/Logo1.png","contentUrl":"https:\/\/nantech.info\/wp-content\/uploads\/2023\/07\/Logo1.png","width":444,"height":578,"caption":"Nantech"},"image":{"@id":"https:\/\/nantech.info\/#\/schema\/logo\/image\/"}}]}},"jetpack_sharing_enabled":true,"_links":{"self":[{"href":"https:\/\/nantech.info\/index.php\/wp-json\/wp\/v2\/pages\/639","targetHints":{"allow":["GET"]}}],"collection":[{"href":"https:\/\/nantech.info\/index.php\/wp-json\/wp\/v2\/pages"}],"about":[{"href":"https:\/\/nantech.info\/index.php\/wp-json\/wp\/v2\/types\/page"}],"author":[{"embeddable":true,"href":"https:\/\/nantech.info\/index.php\/wp-json\/wp\/v2\/users\/1"}],"replies":[{"embeddable":true,"href":"https:\/\/nantech.info\/index.php\/wp-json\/wp\/v2\/comments?post=639"}],"version-history":[{"count":10,"href":"https:\/\/nantech.info\/index.php\/wp-json\/wp\/v2\/pages\/639\/revisions"}],"predecessor-version":[{"id":650,"href":"https:\/\/nantech.info\/index.php\/wp-json\/wp\/v2\/pages\/639\/revisions\/650"}],"wp:attachment":[{"href":"https:\/\/nantech.info\/index.php\/wp-json\/wp\/v2\/media?parent=639"}],"curies":[{"name":"wp","href":"https:\/\/api.w.org\/{rel}","templated":true}]}}