{"id":342,"date":"2024-06-30T07:35:59","date_gmt":"2024-06-30T10:35:59","guid":{"rendered":"https:\/\/nantech.info\/?page_id=342"},"modified":"2024-10-23T23:00:59","modified_gmt":"2024-10-24T02:00:59","slug":"partiu-futuro-exclusao-de-conta","status":"publish","type":"page","link":"https:\/\/nantech.info\/index.php\/partiu-futuro-exclusao-de-conta\/","title":{"rendered":"Partiu Futuro &#8211; Exclus\u00e3o de Conta"},"content":{"rendered":"\t\t<div data-elementor-type=\"wp-page\" data-elementor-id=\"342\" class=\"elementor elementor-342\">\n\t\t\t\t<div class=\"elementor-element elementor-element-44bcdcc6 e-flex e-con-boxed e-con e-parent\" data-id=\"44bcdcc6\" data-element_type=\"container\" data-e-type=\"container\" data-settings=\"{&quot;background_background&quot;:&quot;classic&quot;}\">\n\t\t\t\t\t<div class=\"e-con-inner\">\n\t\t\t\t<div class=\"elementor-element elementor-element-71a415a0 elementor-widget elementor-widget-image\" data-id=\"71a415a0\" data-element_type=\"widget\" data-e-type=\"widget\" data-widget_type=\"image.default\">\n\t\t\t\t<div class=\"elementor-widget-container\">\n\t\t\t\t\t\t\t\t\t\t\t\t\t\t\t<img fetchpriority=\"high\" decoding=\"async\" width=\"300\" height=\"225\" src=\"https:\/\/nantech.info\/wp-content\/uploads\/2024\/06\/Splash-640x480-1-300x225.png\" class=\"attachment-medium size-medium wp-image-348\" alt=\"\" srcset=\"https:\/\/nantech.info\/wp-content\/uploads\/2024\/06\/Splash-640x480-1-300x225.png 300w, https:\/\/nantech.info\/wp-content\/uploads\/2024\/06\/Splash-640x480-1.png 640w\" sizes=\"(max-width: 300px) 100vw, 300px\" \/>\t\t\t\t\t\t\t\t\t\t\t\t\t\t\t<\/div>\n\t\t\t\t<\/div>\n\t\t\t\t\t<\/div>\n\t\t\t\t<\/div>\n\t\t<div class=\"elementor-element elementor-element-5534d633 e-flex e-con-boxed e-con e-parent\" data-id=\"5534d633\" data-element_type=\"container\" data-e-type=\"container\" data-settings=\"{&quot;background_background&quot;:&quot;classic&quot;}\">\n\t\t\t\t\t<div class=\"e-con-inner\">\n\t\t\t\t<div class=\"elementor-element elementor-element-518c8199 elementor-widget elementor-widget-heading\" data-id=\"518c8199\" data-element_type=\"widget\" data-e-type=\"widget\" data-widget_type=\"heading.default\">\n\t\t\t\t<div class=\"elementor-widget-container\">\n\t\t\t\t\t<h2 class=\"elementor-heading-title elementor-size-default\">Solicita\u00e7\u00e3o de Exclus\u00e3o<\/h2>\t\t\t\t<\/div>\n\t\t\t\t<\/div>\n\t\t\t\t<div class=\"elementor-element elementor-element-13b0f0d elementor-widget elementor-widget-heading\" data-id=\"13b0f0d\" data-element_type=\"widget\" data-e-type=\"widget\" data-widget_type=\"heading.default\">\n\t\t\t\t<div class=\"elementor-widget-container\">\n\t\t\t\t\t<h2 class=\"elementor-heading-title elementor-size-default\">Insira seu n\u00famero de usu\u00e1rio e email e clique em CONFIRMAR.<br>TODOS os seus dados e sua conta ser\u00e3o exclu\u00eddos por completo e definitivamente do banco de dados.<\/h2>\t\t\t\t<\/div>\n\t\t\t\t<\/div>\n\t\t\t\t\t<\/div>\n\t\t\t\t<\/div>\n\t\t<div class=\"elementor-element elementor-element-1f75e863 e-flex e-con-boxed e-con e-parent\" data-id=\"1f75e863\" data-element_type=\"container\" data-e-type=\"container\" data-settings=\"{&quot;background_background&quot;:&quot;classic&quot;}\">\n\t\t\t\t\t<div class=\"e-con-inner\">\n\t\t\t\t<div class=\"elementor-element elementor-element-653c416e elementor-widget elementor-widget-shortcode\" data-id=\"653c416e\" data-element_type=\"widget\" data-e-type=\"widget\" data-widget_type=\"shortcode.default\">\n\t\t\t\t<div class=\"elementor-widget-container\">\n\t\t\t\t\t\t\t<div class=\"elementor-shortcode\">\n<div class=\"wpcf7 no-js\" id=\"wpcf7-f341-o1\" lang=\"pt-BR\" dir=\"ltr\" data-wpcf7-id=\"341\">\n<div class=\"screen-reader-response\"><p role=\"status\" aria-live=\"polite\" aria-atomic=\"true\"><\/p> <ul><\/ul><\/div>\n<form action=\"\/index.php\/wp-json\/wp\/v2\/pages\/342#wpcf7-f341-o1\" method=\"post\" class=\"wpcf7-form init\" aria-label=\"Formul\u00e1rios de contato\" novalidate=\"novalidate\" data-status=\"init\">\n<fieldset class=\"hidden-fields-container\"><input type=\"hidden\" name=\"_wpcf7\" value=\"341\" \/><input type=\"hidden\" name=\"_wpcf7_version\" value=\"6.1.5\" \/><input type=\"hidden\" name=\"_wpcf7_locale\" value=\"pt_BR\" \/><input type=\"hidden\" name=\"_wpcf7_unit_tag\" value=\"wpcf7-f341-o1\" \/><input type=\"hidden\" name=\"_wpcf7_container_post\" value=\"0\" \/><input type=\"hidden\" name=\"_wpcf7_posted_data_hash\" value=\"\" \/>\n<\/fieldset>\n<p><label> Solicito a exclus\u00e3o dos meus dados do aplicativo PARTIU FUTURO <\/label>\n<\/p>\n<p><label> Meu n\u00famero de usu\u00e1rio<br \/>\n<span class=\"wpcf7-form-control-wrap\" data-name=\"number-374\"><input class=\"wpcf7-form-control wpcf7-number wpcf7-validates-as-number\" aria-invalid=\"false\" value=\"\" type=\"number\" name=\"number-374\" \/><\/span> <\/label>\n<\/p>\n<p><label> Meu e-mail<br \/>\n<span class=\"wpcf7-form-control-wrap\" data-name=\"your-email\"><input size=\"40\" maxlength=\"400\" class=\"wpcf7-form-control wpcf7-email wpcf7-validates-as-required wpcf7-text wpcf7-validates-as-email\" autocomplete=\"email\" aria-required=\"true\" aria-invalid=\"false\" value=\"\" type=\"email\" name=\"your-email\" \/><\/span> <\/label>\n<\/p>\n<p><label> Assunto<br \/>\n[Exclus\u00e3o de dados] <\/label>\n<\/p>\n<p><input class=\"wpcf7-form-control wpcf7-submit has-spinner\" type=\"submit\" value=\"Confirmar\" \/>\n<\/p><p style=\"display: none !important;\" class=\"akismet-fields-container\" data-prefix=\"_wpcf7_ak_\"><label>&#916;<textarea name=\"_wpcf7_ak_hp_textarea\" cols=\"45\" rows=\"8\" maxlength=\"100\"><\/textarea><\/label><input type=\"hidden\" id=\"ak_js_1\" name=\"_wpcf7_ak_js\" value=\"166\"\/><script>document.getElementById( \"ak_js_1\" ).setAttribute( \"value\", ( new Date() ).getTime() );<\/script><\/p><div class=\"wpcf7-response-output\" aria-hidden=\"true\"><\/div>\n<\/form>\n<\/div>\n<\/div>\n\t\t\t\t\t\t<\/div>\n\t\t\t\t<\/div>\n\t\t\t\t\t<\/div>\n\t\t\t\t<\/div>\n\t\t\t\t<\/div>\n\t\t","protected":false},"excerpt":{"rendered":"<p>Solicita\u00e7\u00e3o de Exclus\u00e3o Insira seu n\u00famero de usu\u00e1rio e email e clique em CONFIRMAR.TODOS os seus dados e sua conta ser\u00e3o exclu\u00eddos por completo e definitivamente do banco de dados.<\/p>\n","protected":false},"author":1,"featured_media":0,"parent":0,"menu_order":0,"comment_status":"closed","ping_status":"closed","template":"elementor_canvas","meta":{"neve_meta_sidebar":"","neve_meta_container":"","neve_meta_enable_content_width":"","neve_meta_content_width":0,"neve_meta_title_alignment":"","neve_meta_author_avatar":"","neve_post_elements_order":"","neve_meta_disable_header":"","neve_meta_disable_footer":"","neve_meta_disable_title":"","footnotes":""},"class_list":["post-342","page","type-page","status-publish","hentry"],"yoast_head":"<!-- This site is optimized with the Yoast SEO plugin v27.1.1 - https:\/\/yoast.com\/product\/yoast-seo-wordpress\/ -->\n<title>Partiu Futuro - Exclus\u00e3o de Conta - Nantech<\/title>\n<meta name=\"robots\" content=\"index, follow, max-snippet:-1, max-image-preview:large, max-video-preview:-1\" \/>\n<link rel=\"canonical\" href=\"https:\/\/nantech.info\/index.php\/partiu-futuro-exclusao-de-conta\/\" \/>\n<meta property=\"og:locale\" content=\"pt_BR\" \/>\n<meta property=\"og:type\" content=\"article\" \/>\n<meta property=\"og:title\" content=\"Partiu Futuro - Exclus\u00e3o de Conta - Nantech\" \/>\n<meta property=\"og:description\" content=\"Solicita\u00e7\u00e3o de Exclus\u00e3o Insira seu n\u00famero de usu\u00e1rio e email e clique em CONFIRMAR.TODOS os seus dados e sua conta ser\u00e3o exclu\u00eddos por completo e definitivamente do banco de dados.\" \/>\n<meta property=\"og:url\" content=\"https:\/\/nantech.info\/index.php\/partiu-futuro-exclusao-de-conta\/\" \/>\n<meta property=\"og:site_name\" content=\"Nantech\" \/>\n<meta property=\"article:modified_time\" content=\"2024-10-24T02:00:59+00:00\" \/>\n<meta property=\"og:image\" content=\"https:\/\/nantech.info\/wp-content\/uploads\/2024\/06\/Splash-640x480-1-300x225.png\" \/>\n<meta name=\"twitter:card\" content=\"summary_large_image\" \/>\n<meta name=\"twitter:label1\" content=\"Est. tempo de leitura\" \/>\n\t<meta name=\"twitter:data1\" content=\"1 minuto\" \/>\n<script type=\"application\/ld+json\" class=\"yoast-schema-graph\">{\"@context\":\"https:\/\/schema.org\",\"@graph\":[{\"@type\":\"WebPage\",\"@id\":\"https:\/\/nantech.info\/index.php\/partiu-futuro-exclusao-de-conta\/\",\"url\":\"https:\/\/nantech.info\/index.php\/partiu-futuro-exclusao-de-conta\/\",\"name\":\"Partiu Futuro - Exclus\u00e3o de Conta - Nantech\",\"isPartOf\":{\"@id\":\"https:\/\/nantech.info\/#website\"},\"primaryImageOfPage\":{\"@id\":\"https:\/\/nantech.info\/index.php\/partiu-futuro-exclusao-de-conta\/#primaryimage\"},\"image\":{\"@id\":\"https:\/\/nantech.info\/index.php\/partiu-futuro-exclusao-de-conta\/#primaryimage\"},\"thumbnailUrl\":\"https:\/\/nantech.info\/wp-content\/uploads\/2024\/06\/Splash-640x480-1-300x225.png\",\"datePublished\":\"2024-06-30T10:35:59+00:00\",\"dateModified\":\"2024-10-24T02:00:59+00:00\",\"breadcrumb\":{\"@id\":\"https:\/\/nantech.info\/index.php\/partiu-futuro-exclusao-de-conta\/#breadcrumb\"},\"inLanguage\":\"pt-BR\",\"potentialAction\":[{\"@type\":\"ReadAction\",\"target\":[\"https:\/\/nantech.info\/index.php\/partiu-futuro-exclusao-de-conta\/\"]}]},{\"@type\":\"ImageObject\",\"inLanguage\":\"pt-BR\",\"@id\":\"https:\/\/nantech.info\/index.php\/partiu-futuro-exclusao-de-conta\/#primaryimage\",\"url\":\"https:\/\/nantech.info\/wp-content\/uploads\/2024\/06\/Splash-640x480-1.png\",\"contentUrl\":\"https:\/\/nantech.info\/wp-content\/uploads\/2024\/06\/Splash-640x480-1.png\",\"width\":640,\"height\":480},{\"@type\":\"BreadcrumbList\",\"@id\":\"https:\/\/nantech.info\/index.php\/partiu-futuro-exclusao-de-conta\/#breadcrumb\",\"itemListElement\":[{\"@type\":\"ListItem\",\"position\":1,\"name\":\"In\u00edcio\",\"item\":\"https:\/\/nantech.info\/\"},{\"@type\":\"ListItem\",\"position\":2,\"name\":\"Partiu Futuro &#8211; Exclus\u00e3o de Conta\"}]},{\"@type\":\"WebSite\",\"@id\":\"https:\/\/nantech.info\/#website\",\"url\":\"https:\/\/nantech.info\/\",\"name\":\"Nantech\",\"description\":\"Servi\u00e7os de Tecnologia\",\"publisher\":{\"@id\":\"https:\/\/nantech.info\/#organization\"},\"potentialAction\":[{\"@type\":\"SearchAction\",\"target\":{\"@type\":\"EntryPoint\",\"urlTemplate\":\"https:\/\/nantech.info\/?s={search_term_string}\"},\"query-input\":{\"@type\":\"PropertyValueSpecification\",\"valueRequired\":true,\"valueName\":\"search_term_string\"}}],\"inLanguage\":\"pt-BR\"},{\"@type\":\"Organization\",\"@id\":\"https:\/\/nantech.info\/#organization\",\"name\":\"Nantech\",\"url\":\"https:\/\/nantech.info\/\",\"logo\":{\"@type\":\"ImageObject\",\"inLanguage\":\"pt-BR\",\"@id\":\"https:\/\/nantech.info\/#\/schema\/logo\/image\/\",\"url\":\"https:\/\/nantech.info\/wp-content\/uploads\/2023\/07\/Logo1.png\",\"contentUrl\":\"https:\/\/nantech.info\/wp-content\/uploads\/2023\/07\/Logo1.png\",\"width\":444,\"height\":578,\"caption\":\"Nantech\"},\"image\":{\"@id\":\"https:\/\/nantech.info\/#\/schema\/logo\/image\/\"}}]}<\/script>\n<!-- \/ Yoast SEO plugin. -->","yoast_head_json":{"title":"Partiu Futuro - Exclus\u00e3o de Conta - Nantech","robots":{"index":"index","follow":"follow","max-snippet":"max-snippet:-1","max-image-preview":"max-image-preview:large","max-video-preview":"max-video-preview:-1"},"canonical":"https:\/\/nantech.info\/index.php\/partiu-futuro-exclusao-de-conta\/","og_locale":"pt_BR","og_type":"article","og_title":"Partiu Futuro - Exclus\u00e3o de Conta - Nantech","og_description":"Solicita\u00e7\u00e3o de Exclus\u00e3o Insira seu n\u00famero de usu\u00e1rio e email e clique em CONFIRMAR.TODOS os seus dados e sua conta ser\u00e3o exclu\u00eddos por completo e definitivamente do banco de dados.","og_url":"https:\/\/nantech.info\/index.php\/partiu-futuro-exclusao-de-conta\/","og_site_name":"Nantech","article_modified_time":"2024-10-24T02:00:59+00:00","og_image":[{"url":"https:\/\/nantech.info\/wp-content\/uploads\/2024\/06\/Splash-640x480-1-300x225.png","type":"","width":"","height":""}],"twitter_card":"summary_large_image","twitter_misc":{"Est. tempo de leitura":"1 minuto"},"schema":{"@context":"https:\/\/schema.org","@graph":[{"@type":"WebPage","@id":"https:\/\/nantech.info\/index.php\/partiu-futuro-exclusao-de-conta\/","url":"https:\/\/nantech.info\/index.php\/partiu-futuro-exclusao-de-conta\/","name":"Partiu Futuro - Exclus\u00e3o de Conta - Nantech","isPartOf":{"@id":"https:\/\/nantech.info\/#website"},"primaryImageOfPage":{"@id":"https:\/\/nantech.info\/index.php\/partiu-futuro-exclusao-de-conta\/#primaryimage"},"image":{"@id":"https:\/\/nantech.info\/index.php\/partiu-futuro-exclusao-de-conta\/#primaryimage"},"thumbnailUrl":"https:\/\/nantech.info\/wp-content\/uploads\/2024\/06\/Splash-640x480-1-300x225.png","datePublished":"2024-06-30T10:35:59+00:00","dateModified":"2024-10-24T02:00:59+00:00","breadcrumb":{"@id":"https:\/\/nantech.info\/index.php\/partiu-futuro-exclusao-de-conta\/#breadcrumb"},"inLanguage":"pt-BR","potentialAction":[{"@type":"ReadAction","target":["https:\/\/nantech.info\/index.php\/partiu-futuro-exclusao-de-conta\/"]}]},{"@type":"ImageObject","inLanguage":"pt-BR","@id":"https:\/\/nantech.info\/index.php\/partiu-futuro-exclusao-de-conta\/#primaryimage","url":"https:\/\/nantech.info\/wp-content\/uploads\/2024\/06\/Splash-640x480-1.png","contentUrl":"https:\/\/nantech.info\/wp-content\/uploads\/2024\/06\/Splash-640x480-1.png","width":640,"height":480},{"@type":"BreadcrumbList","@id":"https:\/\/nantech.info\/index.php\/partiu-futuro-exclusao-de-conta\/#breadcrumb","itemListElement":[{"@type":"ListItem","position":1,"name":"In\u00edcio","item":"https:\/\/nantech.info\/"},{"@type":"ListItem","position":2,"name":"Partiu Futuro &#8211; Exclus\u00e3o de Conta"}]},{"@type":"WebSite","@id":"https:\/\/nantech.info\/#website","url":"https:\/\/nantech.info\/","name":"Nantech","description":"Servi\u00e7os de Tecnologia","publisher":{"@id":"https:\/\/nantech.info\/#organization"},"potentialAction":[{"@type":"SearchAction","target":{"@type":"EntryPoint","urlTemplate":"https:\/\/nantech.info\/?s={search_term_string}"},"query-input":{"@type":"PropertyValueSpecification","valueRequired":true,"valueName":"search_term_string"}}],"inLanguage":"pt-BR"},{"@type":"Organization","@id":"https:\/\/nantech.info\/#organization","name":"Nantech","url":"https:\/\/nantech.info\/","logo":{"@type":"ImageObject","inLanguage":"pt-BR","@id":"https:\/\/nantech.info\/#\/schema\/logo\/image\/","url":"https:\/\/nantech.info\/wp-content\/uploads\/2023\/07\/Logo1.png","contentUrl":"https:\/\/nantech.info\/wp-content\/uploads\/2023\/07\/Logo1.png","width":444,"height":578,"caption":"Nantech"},"image":{"@id":"https:\/\/nantech.info\/#\/schema\/logo\/image\/"}}]}},"jetpack_sharing_enabled":true,"_links":{"self":[{"href":"https:\/\/nantech.info\/index.php\/wp-json\/wp\/v2\/pages\/342","targetHints":{"allow":["GET"]}}],"collection":[{"href":"https:\/\/nantech.info\/index.php\/wp-json\/wp\/v2\/pages"}],"about":[{"href":"https:\/\/nantech.info\/index.php\/wp-json\/wp\/v2\/types\/page"}],"author":[{"embeddable":true,"href":"https:\/\/nantech.info\/index.php\/wp-json\/wp\/v2\/users\/1"}],"replies":[{"embeddable":true,"href":"https:\/\/nantech.info\/index.php\/wp-json\/wp\/v2\/comments?post=342"}],"version-history":[{"count":17,"href":"https:\/\/nantech.info\/index.php\/wp-json\/wp\/v2\/pages\/342\/revisions"}],"predecessor-version":[{"id":688,"href":"https:\/\/nantech.info\/index.php\/wp-json\/wp\/v2\/pages\/342\/revisions\/688"}],"wp:attachment":[{"href":"https:\/\/nantech.info\/index.php\/wp-json\/wp\/v2\/media?parent=342"}],"curies":[{"name":"wp","href":"https:\/\/api.w.org\/{rel}","templated":true}]}}