{"id":25,"date":"2023-07-23T14:05:00","date_gmt":"2023-07-23T17:05:00","guid":{"rendered":"https:\/\/nantech.info\/?page_id=25"},"modified":"2023-08-13T09:59:11","modified_gmt":"2023-08-13T12:59:11","slug":"bem-vindo","status":"publish","type":"page","link":"https:\/\/nantech.info\/","title":{"rendered":"Home"},"content":{"rendered":"\t\t<div data-elementor-type=\"wp-post\" data-elementor-id=\"25\" class=\"elementor elementor-25\">\n\t\t\t\t<div class=\"elementor-element elementor-element-d3096d6 e-flex e-con-boxed e-con e-parent\" data-id=\"d3096d6\" data-element_type=\"container\" data-e-type=\"container\">\n\t\t\t\t\t<div class=\"e-con-inner\">\n\t\t\t\t<div class=\"elementor-element elementor-element-2032812 elementor-hidden-desktop elementor-widget elementor-widget-image\" data-id=\"2032812\" data-element_type=\"widget\" data-e-type=\"widget\" data-widget_type=\"image.default\">\n\t\t\t\t<div class=\"elementor-widget-container\">\n\t\t\t\t\t\t\t\t\t\t\t\t\t\t\t<img fetchpriority=\"high\" decoding=\"async\" width=\"1080\" height=\"1920\" src=\"https:\/\/nantech.info\/wp-content\/uploads\/2023\/07\/Site-inicial-mobile.png\" class=\"attachment-full size-full wp-image-28\" alt=\"\" srcset=\"https:\/\/nantech.info\/wp-content\/uploads\/2023\/07\/Site-inicial-mobile.png 1080w, https:\/\/nantech.info\/wp-content\/uploads\/2023\/07\/Site-inicial-mobile-169x300.png 169w, https:\/\/nantech.info\/wp-content\/uploads\/2023\/07\/Site-inicial-mobile-576x1024.png 576w, https:\/\/nantech.info\/wp-content\/uploads\/2023\/07\/Site-inicial-mobile-768x1365.png 768w, https:\/\/nantech.info\/wp-content\/uploads\/2023\/07\/Site-inicial-mobile-864x1536.png 864w\" sizes=\"(max-width: 1080px) 100vw, 1080px\" \/>\t\t\t\t\t\t\t\t\t\t\t\t\t\t\t<\/div>\n\t\t\t\t<\/div>\n\t\t\t\t\t<\/div>\n\t\t\t\t<\/div>\n\t\t<div class=\"elementor-element elementor-element-95ead49 e-flex e-con-boxed e-con e-parent\" data-id=\"95ead49\" data-element_type=\"container\" data-e-type=\"container\">\n\t\t\t\t\t<div class=\"e-con-inner\">\n\t\t\t\t<div class=\"elementor-element elementor-element-ad9e6e8 elementor-hidden-tablet elementor-hidden-mobile elementor-widget elementor-widget-image\" data-id=\"ad9e6e8\" data-element_type=\"widget\" data-e-type=\"widget\" data-widget_type=\"image.default\">\n\t\t\t\t<div class=\"elementor-widget-container\">\n\t\t\t\t\t\t\t\t\t\t\t\t\t\t\t<img decoding=\"async\" width=\"1366\" height=\"768\" src=\"https:\/\/nantech.info\/wp-content\/uploads\/2023\/07\/Site-inicial-pc-1.png\" class=\"attachment-full size-full wp-image-42\" alt=\"\" srcset=\"https:\/\/nantech.info\/wp-content\/uploads\/2023\/07\/Site-inicial-pc-1.png 1366w, https:\/\/nantech.info\/wp-content\/uploads\/2023\/07\/Site-inicial-pc-1-300x169.png 300w, https:\/\/nantech.info\/wp-content\/uploads\/2023\/07\/Site-inicial-pc-1-1024x576.png 1024w, https:\/\/nantech.info\/wp-content\/uploads\/2023\/07\/Site-inicial-pc-1-768x432.png 768w\" sizes=\"(max-width: 1366px) 100vw, 1366px\" \/>\t\t\t\t\t\t\t\t\t\t\t\t\t\t\t<\/div>\n\t\t\t\t<\/div>\n\t\t\t\t\t<\/div>\n\t\t\t\t<\/div>\n\t\t<div class=\"elementor-element elementor-element-ea8bb81 elementor-hidden-desktop e-flex e-con-boxed e-con e-parent\" data-id=\"ea8bb81\" data-element_type=\"container\" data-e-type=\"container\">\n\t\t\t\t\t<div class=\"e-con-inner\">\n\t\t\t\t<div class=\"elementor-element elementor-element-6073af3 elementor-widget elementor-widget-text-editor\" data-id=\"6073af3\" data-element_type=\"widget\" data-e-type=\"widget\" data-widget_type=\"text-editor.default\">\n\t\t\t\t<div class=\"elementor-widget-container\">\n\t\t\t\t\t\t\t\t\t<p>Precisando de ajuda para agilizar, otimizar, corrigir ou melhorar de alguma forma seus processos? Conte com a gente!<\/p>\t\t\t\t\t\t\t\t<\/div>\n\t\t\t\t<\/div>\n\t\t\t\t\t<\/div>\n\t\t\t\t<\/div>\n\t\t<div class=\"elementor-element elementor-element-6002d0e e-flex e-con-boxed e-con e-parent\" data-id=\"6002d0e\" data-element_type=\"container\" data-e-type=\"container\">\n\t\t\t\t\t<div class=\"e-con-inner\">\n\t\t\t\t<div class=\"elementor-element elementor-element-a812ebc elementor-widget elementor-widget-text-editor\" data-id=\"a812ebc\" data-element_type=\"widget\" data-e-type=\"widget\" data-widget_type=\"text-editor.default\">\n\t\t\t\t<div class=\"elementor-widget-container\">\n\t\t\t\t\t\t\t\t\t<p>Atuamos com bastante experi\u00eancia em duas \u00e1reas distintas:<\/p><p>&#8211; Na escrita, como livros e apostilas, fazemos diagrama\u00e7\u00e3o, revis\u00e3o, cria\u00e7\u00e3o, assessoria para publica\u00e7\u00e3o, e o que mais precisar.<\/p><p>&#8211; Em tecnologia, desenvolvemos sistemas e aplicativos, migramos e tratamos banco de dados, acabamos com seu trabalho manual naquela planilha.<\/p><p><br \/>Clique abaixo na \u00e1rea que deseja mais informa\u00e7\u00f5es:<\/p>\t\t\t\t\t\t\t\t<\/div>\n\t\t\t\t<\/div>\n\t\t\t\t\t<\/div>\n\t\t\t\t<\/div>\n\t\t<div class=\"elementor-element elementor-element-3436c66 e-flex e-con-boxed e-con e-parent\" data-id=\"3436c66\" data-element_type=\"container\" data-e-type=\"container\">\n\t\t\t\t\t<div class=\"e-con-inner\">\n\t\t\t\t<div class=\"elementor-element elementor-element-f4aab9a elementor-widget elementor-widget-image\" data-id=\"f4aab9a\" data-element_type=\"widget\" data-e-type=\"widget\" data-widget_type=\"image.default\">\n\t\t\t\t<div class=\"elementor-widget-container\">\n\t\t\t\t\t\t\t\t\t\t\t\t\t\t\t\t<a href=\"https:\/\/nantech.info\/index.php\/nantech-ler\/\">\n\t\t\t\t\t\t\t<img decoding=\"async\" width=\"1414\" height=\"416\" src=\"https:\/\/nantech.info\/wp-content\/uploads\/2023\/07\/CAB-LER-SITE.png\" class=\"attachment-full size-full wp-image-43\" alt=\"\" srcset=\"https:\/\/nantech.info\/wp-content\/uploads\/2023\/07\/CAB-LER-SITE.png 1414w, https:\/\/nantech.info\/wp-content\/uploads\/2023\/07\/CAB-LER-SITE-300x88.png 300w, https:\/\/nantech.info\/wp-content\/uploads\/2023\/07\/CAB-LER-SITE-1024x301.png 1024w, https:\/\/nantech.info\/wp-content\/uploads\/2023\/07\/CAB-LER-SITE-768x226.png 768w\" sizes=\"(max-width: 1414px) 100vw, 1414px\" \/>\t\t\t\t\t\t\t\t<\/a>\n\t\t\t\t\t\t\t\t\t\t\t\t\t\t\t<\/div>\n\t\t\t\t<\/div>\n\t\t\t\t\t<\/div>\n\t\t\t\t<\/div>\n\t\t<div class=\"elementor-element elementor-element-3c77df7 e-flex e-con-boxed e-con e-parent\" data-id=\"3c77df7\" data-element_type=\"container\" data-e-type=\"container\">\n\t\t\t\t\t<div class=\"e-con-inner\">\n\t\t\t\t<div class=\"elementor-element elementor-element-a1768b4 elementor-widget elementor-widget-image\" data-id=\"a1768b4\" data-element_type=\"widget\" data-e-type=\"widget\" data-widget_type=\"image.default\">\n\t\t\t\t<div class=\"elementor-widget-container\">\n\t\t\t\t\t\t\t\t\t\t\t\t\t\t\t\t<a href=\"https:\/\/nantech.info\/index.php\/nantech-dev\/\">\n\t\t\t\t\t\t\t<img loading=\"lazy\" decoding=\"async\" width=\"1414\" height=\"416\" src=\"https:\/\/nantech.info\/wp-content\/uploads\/2023\/07\/CAB-DEV-SITE.png\" class=\"attachment-full size-full wp-image-44\" alt=\"\" srcset=\"https:\/\/nantech.info\/wp-content\/uploads\/2023\/07\/CAB-DEV-SITE.png 1414w, https:\/\/nantech.info\/wp-content\/uploads\/2023\/07\/CAB-DEV-SITE-300x88.png 300w, https:\/\/nantech.info\/wp-content\/uploads\/2023\/07\/CAB-DEV-SITE-1024x301.png 1024w, https:\/\/nantech.info\/wp-content\/uploads\/2023\/07\/CAB-DEV-SITE-768x226.png 768w\" sizes=\"(max-width: 1414px) 100vw, 1414px\" \/>\t\t\t\t\t\t\t\t<\/a>\n\t\t\t\t\t\t\t\t\t\t\t\t\t\t\t<\/div>\n\t\t\t\t<\/div>\n\t\t\t\t\t<\/div>\n\t\t\t\t<\/div>\n\t\t\t\t<\/div>\n\t\t","protected":false},"excerpt":{"rendered":"<p>Precisando de ajuda para agilizar, otimizar, corrigir ou melhorar de alguma forma seus processos? Conte com a gente! Atuamos com bastante experi\u00eancia em duas \u00e1reas distintas: &#8211; Na escrita, como livros e apostilas, fazemos diagrama\u00e7\u00e3o, revis\u00e3o, cria\u00e7\u00e3o, assessoria para publica\u00e7\u00e3o, e o que mais precisar. &#8211; Em tecnologia, desenvolvemos sistemas e aplicativos, migramos e tratamos&hellip;&nbsp;<a href=\"https:\/\/nantech.info\/\" rel=\"bookmark\">Continue a ler &raquo;<span class=\"screen-reader-text\">Home<\/span><\/a><\/p>\n","protected":false},"author":1,"featured_media":0,"parent":0,"menu_order":0,"comment_status":"closed","ping_status":"closed","template":"page-templates\/template-pagebuilder-full-width.php","meta":{"neve_meta_sidebar":"","neve_meta_container":"","neve_meta_enable_content_width":"","neve_meta_content_width":0,"neve_meta_title_alignment":"","neve_meta_author_avatar":"","neve_post_elements_order":"","neve_meta_disable_header":"","neve_meta_disable_footer":"","neve_meta_disable_title":"","footnotes":""},"class_list":["post-25","page","type-page","status-publish","hentry"],"yoast_head":"<!-- This site is optimized with the Yoast SEO plugin v27.1.1 - https:\/\/yoast.com\/product\/yoast-seo-wordpress\/ -->\n<title>Home - Nantech<\/title>\n<meta name=\"robots\" content=\"index, follow, max-snippet:-1, max-image-preview:large, max-video-preview:-1\" \/>\n<link rel=\"canonical\" href=\"https:\/\/nantech.info\/\" \/>\n<meta property=\"og:locale\" content=\"pt_BR\" \/>\n<meta property=\"og:type\" content=\"article\" \/>\n<meta property=\"og:title\" content=\"Home - Nantech\" \/>\n<meta property=\"og:description\" content=\"Precisando de ajuda para agilizar, otimizar, corrigir ou melhorar de alguma forma seus processos? Conte com a gente! Atuamos com bastante experi\u00eancia em duas \u00e1reas distintas: &#8211; Na escrita, como livros e apostilas, fazemos diagrama\u00e7\u00e3o, revis\u00e3o, cria\u00e7\u00e3o, assessoria para publica\u00e7\u00e3o, e o que mais precisar. &#8211; Em tecnologia, desenvolvemos sistemas e aplicativos, migramos e tratamos&hellip;&nbsp;Continue a ler &raquo;Home\" \/>\n<meta property=\"og:url\" content=\"https:\/\/nantech.info\/\" \/>\n<meta property=\"og:site_name\" content=\"Nantech\" \/>\n<meta property=\"article:modified_time\" content=\"2023-08-13T12:59:11+00:00\" \/>\n<meta property=\"og:image\" content=\"https:\/\/nantech.info\/wp-content\/uploads\/2023\/07\/Site-inicial-mobile.png\" \/>\n<meta name=\"twitter:card\" content=\"summary_large_image\" \/>\n<meta name=\"twitter:label1\" content=\"Est. tempo de leitura\" \/>\n\t<meta name=\"twitter:data1\" content=\"2 minutos\" \/>\n<script type=\"application\/ld+json\" class=\"yoast-schema-graph\">{\"@context\":\"https:\/\/schema.org\",\"@graph\":[{\"@type\":\"WebPage\",\"@id\":\"https:\/\/nantech.info\/\",\"url\":\"https:\/\/nantech.info\/\",\"name\":\"Home - Nantech\",\"isPartOf\":{\"@id\":\"https:\/\/nantech.info\/#website\"},\"primaryImageOfPage\":{\"@id\":\"https:\/\/nantech.info\/#primaryimage\"},\"image\":{\"@id\":\"https:\/\/nantech.info\/#primaryimage\"},\"thumbnailUrl\":\"https:\/\/nantech.info\/wp-content\/uploads\/2023\/07\/Site-inicial-mobile.png\",\"datePublished\":\"2023-07-23T17:05:00+00:00\",\"dateModified\":\"2023-08-13T12:59:11+00:00\",\"breadcrumb\":{\"@id\":\"https:\/\/nantech.info\/#breadcrumb\"},\"inLanguage\":\"pt-BR\",\"potentialAction\":[{\"@type\":\"ReadAction\",\"target\":[\"https:\/\/nantech.info\/\"]}]},{\"@type\":\"ImageObject\",\"inLanguage\":\"pt-BR\",\"@id\":\"https:\/\/nantech.info\/#primaryimage\",\"url\":\"https:\/\/nantech.info\/wp-content\/uploads\/2023\/07\/Site-inicial-mobile.png\",\"contentUrl\":\"https:\/\/nantech.info\/wp-content\/uploads\/2023\/07\/Site-inicial-mobile.png\",\"width\":1080,\"height\":1920},{\"@type\":\"BreadcrumbList\",\"@id\":\"https:\/\/nantech.info\/#breadcrumb\",\"itemListElement\":[{\"@type\":\"ListItem\",\"position\":1,\"name\":\"In\u00edcio\",\"item\":\"https:\/\/nantech.info\/\"},{\"@type\":\"ListItem\",\"position\":2,\"name\":\"Home\"}]},{\"@type\":\"WebSite\",\"@id\":\"https:\/\/nantech.info\/#website\",\"url\":\"https:\/\/nantech.info\/\",\"name\":\"Nantech\",\"description\":\"Servi\u00e7os de Tecnologia\",\"publisher\":{\"@id\":\"https:\/\/nantech.info\/#organization\"},\"potentialAction\":[{\"@type\":\"SearchAction\",\"target\":{\"@type\":\"EntryPoint\",\"urlTemplate\":\"https:\/\/nantech.info\/?s={search_term_string}\"},\"query-input\":{\"@type\":\"PropertyValueSpecification\",\"valueRequired\":true,\"valueName\":\"search_term_string\"}}],\"inLanguage\":\"pt-BR\"},{\"@type\":\"Organization\",\"@id\":\"https:\/\/nantech.info\/#organization\",\"name\":\"Nantech\",\"url\":\"https:\/\/nantech.info\/\",\"logo\":{\"@type\":\"ImageObject\",\"inLanguage\":\"pt-BR\",\"@id\":\"https:\/\/nantech.info\/#\/schema\/logo\/image\/\",\"url\":\"https:\/\/nantech.info\/wp-content\/uploads\/2023\/07\/Logo1.png\",\"contentUrl\":\"https:\/\/nantech.info\/wp-content\/uploads\/2023\/07\/Logo1.png\",\"width\":444,\"height\":578,\"caption\":\"Nantech\"},\"image\":{\"@id\":\"https:\/\/nantech.info\/#\/schema\/logo\/image\/\"}}]}<\/script>\n<!-- \/ Yoast SEO plugin. -->","yoast_head_json":{"title":"Home - Nantech","robots":{"index":"index","follow":"follow","max-snippet":"max-snippet:-1","max-image-preview":"max-image-preview:large","max-video-preview":"max-video-preview:-1"},"canonical":"https:\/\/nantech.info\/","og_locale":"pt_BR","og_type":"article","og_title":"Home - Nantech","og_description":"Precisando de ajuda para agilizar, otimizar, corrigir ou melhorar de alguma forma seus processos? Conte com a gente! Atuamos com bastante experi\u00eancia em duas \u00e1reas distintas: &#8211; Na escrita, como livros e apostilas, fazemos diagrama\u00e7\u00e3o, revis\u00e3o, cria\u00e7\u00e3o, assessoria para publica\u00e7\u00e3o, e o que mais precisar. &#8211; Em tecnologia, desenvolvemos sistemas e aplicativos, migramos e tratamos&hellip;&nbsp;Continue a ler &raquo;Home","og_url":"https:\/\/nantech.info\/","og_site_name":"Nantech","article_modified_time":"2023-08-13T12:59:11+00:00","og_image":[{"url":"https:\/\/nantech.info\/wp-content\/uploads\/2023\/07\/Site-inicial-mobile.png","type":"","width":"","height":""}],"twitter_card":"summary_large_image","twitter_misc":{"Est. tempo de leitura":"2 minutos"},"schema":{"@context":"https:\/\/schema.org","@graph":[{"@type":"WebPage","@id":"https:\/\/nantech.info\/","url":"https:\/\/nantech.info\/","name":"Home - Nantech","isPartOf":{"@id":"https:\/\/nantech.info\/#website"},"primaryImageOfPage":{"@id":"https:\/\/nantech.info\/#primaryimage"},"image":{"@id":"https:\/\/nantech.info\/#primaryimage"},"thumbnailUrl":"https:\/\/nantech.info\/wp-content\/uploads\/2023\/07\/Site-inicial-mobile.png","datePublished":"2023-07-23T17:05:00+00:00","dateModified":"2023-08-13T12:59:11+00:00","breadcrumb":{"@id":"https:\/\/nantech.info\/#breadcrumb"},"inLanguage":"pt-BR","potentialAction":[{"@type":"ReadAction","target":["https:\/\/nantech.info\/"]}]},{"@type":"ImageObject","inLanguage":"pt-BR","@id":"https:\/\/nantech.info\/#primaryimage","url":"https:\/\/nantech.info\/wp-content\/uploads\/2023\/07\/Site-inicial-mobile.png","contentUrl":"https:\/\/nantech.info\/wp-content\/uploads\/2023\/07\/Site-inicial-mobile.png","width":1080,"height":1920},{"@type":"BreadcrumbList","@id":"https:\/\/nantech.info\/#breadcrumb","itemListElement":[{"@type":"ListItem","position":1,"name":"In\u00edcio","item":"https:\/\/nantech.info\/"},{"@type":"ListItem","position":2,"name":"Home"}]},{"@type":"WebSite","@id":"https:\/\/nantech.info\/#website","url":"https:\/\/nantech.info\/","name":"Nantech","description":"Servi\u00e7os de Tecnologia","publisher":{"@id":"https:\/\/nantech.info\/#organization"},"potentialAction":[{"@type":"SearchAction","target":{"@type":"EntryPoint","urlTemplate":"https:\/\/nantech.info\/?s={search_term_string}"},"query-input":{"@type":"PropertyValueSpecification","valueRequired":true,"valueName":"search_term_string"}}],"inLanguage":"pt-BR"},{"@type":"Organization","@id":"https:\/\/nantech.info\/#organization","name":"Nantech","url":"https:\/\/nantech.info\/","logo":{"@type":"ImageObject","inLanguage":"pt-BR","@id":"https:\/\/nantech.info\/#\/schema\/logo\/image\/","url":"https:\/\/nantech.info\/wp-content\/uploads\/2023\/07\/Logo1.png","contentUrl":"https:\/\/nantech.info\/wp-content\/uploads\/2023\/07\/Logo1.png","width":444,"height":578,"caption":"Nantech"},"image":{"@id":"https:\/\/nantech.info\/#\/schema\/logo\/image\/"}}]}},"jetpack_sharing_enabled":true,"_links":{"self":[{"href":"https:\/\/nantech.info\/index.php\/wp-json\/wp\/v2\/pages\/25","targetHints":{"allow":["GET"]}}],"collection":[{"href":"https:\/\/nantech.info\/index.php\/wp-json\/wp\/v2\/pages"}],"about":[{"href":"https:\/\/nantech.info\/index.php\/wp-json\/wp\/v2\/types\/page"}],"author":[{"embeddable":true,"href":"https:\/\/nantech.info\/index.php\/wp-json\/wp\/v2\/users\/1"}],"replies":[{"embeddable":true,"href":"https:\/\/nantech.info\/index.php\/wp-json\/wp\/v2\/comments?post=25"}],"version-history":[{"count":29,"href":"https:\/\/nantech.info\/index.php\/wp-json\/wp\/v2\/pages\/25\/revisions"}],"predecessor-version":[{"id":149,"href":"https:\/\/nantech.info\/index.php\/wp-json\/wp\/v2\/pages\/25\/revisions\/149"}],"wp:attachment":[{"href":"https:\/\/nantech.info\/index.php\/wp-json\/wp\/v2\/media?parent=25"}],"curies":[{"name":"wp","href":"https:\/\/api.w.org\/{rel}","templated":true}]}}