{"id":127,"date":"2023-08-13T09:35:43","date_gmt":"2023-08-13T12:35:43","guid":{"rendered":"https:\/\/nantech.info\/?page_id=127"},"modified":"2023-11-24T03:36:24","modified_gmt":"2023-11-24T06:36:24","slug":"nantech-dev","status":"publish","type":"page","link":"https:\/\/nantech.info\/index.php\/bem-vindo\/nantech-dev\/","title":{"rendered":"Nantech Dev"},"content":{"rendered":"\t\t<div data-elementor-type=\"wp-page\" data-elementor-id=\"127\" class=\"elementor elementor-127\">\n\t\t\t\t<div class=\"elementor-element elementor-element-f61949b e-flex e-con-boxed e-con e-parent\" data-id=\"f61949b\" data-element_type=\"container\" data-e-type=\"container\">\n\t\t\t\t\t<div class=\"e-con-inner\">\n\t\t\t\t<div class=\"elementor-element elementor-element-04fef5a elementor-widget elementor-widget-image\" data-id=\"04fef5a\" data-element_type=\"widget\" data-e-type=\"widget\" data-widget_type=\"image.default\">\n\t\t\t\t<div class=\"elementor-widget-container\">\n\t\t\t\t\t\t\t\t\t\t\t\t\t\t\t<img fetchpriority=\"high\" decoding=\"async\" width=\"576\" height=\"1024\" src=\"https:\/\/nantech.info\/wp-content\/uploads\/2023\/11\/Nantech-Dev-Site-Novo-576x1024.png\" class=\"attachment-large size-large wp-image-284\" alt=\"\" srcset=\"https:\/\/nantech.info\/wp-content\/uploads\/2023\/11\/Nantech-Dev-Site-Novo-576x1024.png 576w, https:\/\/nantech.info\/wp-content\/uploads\/2023\/11\/Nantech-Dev-Site-Novo-169x300.png 169w, https:\/\/nantech.info\/wp-content\/uploads\/2023\/11\/Nantech-Dev-Site-Novo-768x1365.png 768w, https:\/\/nantech.info\/wp-content\/uploads\/2023\/11\/Nantech-Dev-Site-Novo-864x1536.png 864w, https:\/\/nantech.info\/wp-content\/uploads\/2023\/11\/Nantech-Dev-Site-Novo.png 1080w\" sizes=\"(max-width: 576px) 100vw, 576px\" \/>\t\t\t\t\t\t\t\t\t\t\t\t\t\t\t<\/div>\n\t\t\t\t<\/div>\n\t\t\t\t\t<\/div>\n\t\t\t\t<\/div>\n\t\t<div class=\"elementor-element elementor-element-1972e8d6 e-flex e-con-boxed e-con e-parent\" data-id=\"1972e8d6\" data-element_type=\"container\" data-e-type=\"container\">\n\t\t\t\t\t<div class=\"e-con-inner\">\n\t\t\t\t<div class=\"elementor-element elementor-element-8f4d217 elementor-widget elementor-widget-heading\" data-id=\"8f4d217\" data-element_type=\"widget\" data-e-type=\"widget\" data-widget_type=\"heading.default\">\n\t\t\t\t<div class=\"elementor-widget-container\">\n\t\t\t\t\t<h2 class=\"elementor-heading-title elementor-size-default\">Somos especialistas em tecnologia<\/h2>\t\t\t\t<\/div>\n\t\t\t\t<\/div>\n\t\t\t\t\t<\/div>\n\t\t\t\t<\/div>\n\t\t<div class=\"elementor-element elementor-element-3f65f28f e-flex e-con-boxed e-con e-parent\" data-id=\"3f65f28f\" data-element_type=\"container\" data-e-type=\"container\">\n\t\t\t\t\t<div class=\"e-con-inner\">\n\t\t\t\t<div class=\"elementor-element elementor-element-789e8c86 elementor-widget elementor-widget-text-editor\" data-id=\"789e8c86\" data-element_type=\"widget\" data-e-type=\"widget\" data-widget_type=\"text-editor.default\">\n\t\t\t\t<div class=\"elementor-widget-container\">\n\t\t\t\t\t\t\t\t\t<p>Se voc\u00ea tem alguma demanda relacionada \u00e0 inform\u00e1tica, sistemas, banco de dados, planilhas e afins, fale com a gente!<\/p>\t\t\t\t\t\t\t\t<\/div>\n\t\t\t\t<\/div>\n\t\t\t\t\t<\/div>\n\t\t\t\t<\/div>\n\t\t<div class=\"elementor-element elementor-element-446480df e-flex e-con-boxed e-con e-parent\" data-id=\"446480df\" data-element_type=\"container\" data-e-type=\"container\">\n\t\t\t\t\t<div class=\"e-con-inner\">\n\t\t\t\t<div class=\"elementor-element elementor-element-5962ecf9 elementor-widget elementor-widget-text-editor\" data-id=\"5962ecf9\" data-element_type=\"widget\" data-e-type=\"widget\" data-widget_type=\"text-editor.default\">\n\t\t\t\t<div class=\"elementor-widget-container\">\n\t\t\t\t\t\t\t\t\t<p>Veja alguns exemplos do que podemos fazer pra voc\u00ea:<\/p>\t\t\t\t\t\t\t\t<\/div>\n\t\t\t\t<\/div>\n\t\t\t\t\t<\/div>\n\t\t\t\t<\/div>\n\t\t<div class=\"elementor-element elementor-element-4c32cf2b e-flex e-con-boxed e-con e-parent\" data-id=\"4c32cf2b\" data-element_type=\"container\" data-e-type=\"container\">\n\t\t\t\t\t<div class=\"e-con-inner\">\n\t\t\t\t<div class=\"elementor-element elementor-element-5b83751a elementor-widget elementor-widget-text-editor\" data-id=\"5b83751a\" data-element_type=\"widget\" data-e-type=\"widget\" data-widget_type=\"text-editor.default\">\n\t\t\t\t<div class=\"elementor-widget-container\">\n\t\t\t\t\t\t\t\t\t<ul><li>Desenvolvimento de aplicativos mobile.<\/li><li>Desenvolvimento de sistemas, com banco de dados em nuvem.<\/li><li>Otimiza\u00e7\u00e3o de trabalho manual em planilha, para sistema automatizado.<\/li><li>Organiza\u00e7\u00e3o e corre\u00e7\u00e3o de banco de dados.<\/li><li>Levantamento patrimonial automatizado.<\/li><li>Cria\u00e7\u00e3o de dashboards online.<\/li><li>Migra\u00e7\u00e3o de banco de dados entre sistemas de diferentes empresas.<\/li><li>Integra\u00e7\u00e3o de diversas plataformas de vendas, correios e pagamento com sistemas gerenciadores.<\/li><\/ul>\t\t\t\t\t\t\t\t<\/div>\n\t\t\t\t<\/div>\n\t\t\t\t\t<\/div>\n\t\t\t\t<\/div>\n\t\t<div class=\"elementor-element elementor-element-4c00521 e-flex e-con-boxed e-con e-parent\" data-id=\"4c00521\" data-element_type=\"container\" data-e-type=\"container\">\n\t\t\t\t\t<div class=\"e-con-inner\">\n\t\t\t\t<div class=\"elementor-element elementor-element-f46d327 elementor-widget elementor-widget-image\" data-id=\"f46d327\" data-element_type=\"widget\" data-e-type=\"widget\" data-widget_type=\"image.default\">\n\t\t\t\t<div class=\"elementor-widget-container\">\n\t\t\t\t\t\t\t\t\t\t\t\t\t\t\t<img decoding=\"async\" width=\"472\" height=\"1024\" src=\"https:\/\/nantech.info\/wp-content\/uploads\/2023\/11\/Imagem-do-WhatsApp-de-2023-10-14-as-02.41.17_5bfda91c-472x1024.jpg\" class=\"attachment-large size-large wp-image-285\" alt=\"\" srcset=\"https:\/\/nantech.info\/wp-content\/uploads\/2023\/11\/Imagem-do-WhatsApp-de-2023-10-14-as-02.41.17_5bfda91c-472x1024.jpg 472w, https:\/\/nantech.info\/wp-content\/uploads\/2023\/11\/Imagem-do-WhatsApp-de-2023-10-14-as-02.41.17_5bfda91c-138x300.jpg 138w, https:\/\/nantech.info\/wp-content\/uploads\/2023\/11\/Imagem-do-WhatsApp-de-2023-10-14-as-02.41.17_5bfda91c-708x1536.jpg 708w, https:\/\/nantech.info\/wp-content\/uploads\/2023\/11\/Imagem-do-WhatsApp-de-2023-10-14-as-02.41.17_5bfda91c.jpg 738w\" sizes=\"(max-width: 472px) 100vw, 472px\" \/>\t\t\t\t\t\t\t\t\t\t\t\t\t\t\t<\/div>\n\t\t\t\t<\/div>\n\t\t\t\t<div class=\"elementor-element elementor-element-cba96a5 elementor-widget elementor-widget-image\" data-id=\"cba96a5\" data-element_type=\"widget\" data-e-type=\"widget\" data-widget_type=\"image.default\">\n\t\t\t\t<div class=\"elementor-widget-container\">\n\t\t\t\t\t\t\t\t\t\t\t\t\t\t\t<img decoding=\"async\" width=\"362\" height=\"785\" src=\"https:\/\/nantech.info\/wp-content\/uploads\/2023\/08\/Corel-1.png\" class=\"attachment-large size-large wp-image-189\" alt=\"\" srcset=\"https:\/\/nantech.info\/wp-content\/uploads\/2023\/08\/Corel-1.png 362w, https:\/\/nantech.info\/wp-content\/uploads\/2023\/08\/Corel-1-138x300.png 138w\" sizes=\"(max-width: 362px) 100vw, 362px\" \/>\t\t\t\t\t\t\t\t\t\t\t\t\t\t\t<\/div>\n\t\t\t\t<\/div>\n\t\t\t\t\t<\/div>\n\t\t\t\t<\/div>\n\t\t<div class=\"elementor-element elementor-element-2d158a8 e-flex e-con-boxed e-con e-parent\" data-id=\"2d158a8\" data-element_type=\"container\" data-e-type=\"container\">\n\t\t\t\t\t<div class=\"e-con-inner\">\n\t\t\t\t<div class=\"elementor-element elementor-element-83f55ba elementor-widget elementor-widget-image\" data-id=\"83f55ba\" data-element_type=\"widget\" data-e-type=\"widget\" data-widget_type=\"image.default\">\n\t\t\t\t<div class=\"elementor-widget-container\">\n\t\t\t\t\t\t\t\t\t\t\t\t\t\t\t<img loading=\"lazy\" decoding=\"async\" width=\"641\" height=\"428\" src=\"https:\/\/nantech.info\/wp-content\/uploads\/2023\/11\/Caixadv.png\" class=\"attachment-large size-large wp-image-287\" alt=\"\" srcset=\"https:\/\/nantech.info\/wp-content\/uploads\/2023\/11\/Caixadv.png 641w, https:\/\/nantech.info\/wp-content\/uploads\/2023\/11\/Caixadv-300x200.png 300w\" sizes=\"(max-width: 641px) 100vw, 641px\" \/>\t\t\t\t\t\t\t\t\t\t\t\t\t\t\t<\/div>\n\t\t\t\t<\/div>\n\t\t\t\t\t<\/div>\n\t\t\t\t<\/div>\n\t\t<div class=\"elementor-element elementor-element-bb6ba80 e-flex e-con-boxed e-con e-parent\" data-id=\"bb6ba80\" data-element_type=\"container\" data-e-type=\"container\">\n\t\t\t\t\t<div class=\"e-con-inner\">\n\t\t\t\t<div class=\"elementor-element elementor-element-5dd3208 elementor-widget elementor-widget-image\" data-id=\"5dd3208\" data-element_type=\"widget\" data-e-type=\"widget\" data-widget_type=\"image.default\">\n\t\t\t\t<div class=\"elementor-widget-container\">\n\t\t\t\t\t\t\t\t\t\t\t\t\t\t\t<img loading=\"lazy\" decoding=\"async\" width=\"978\" height=\"737\" src=\"https:\/\/nantech.info\/wp-content\/uploads\/2023\/08\/Dashboard.png\" class=\"attachment-large size-large wp-image-141\" alt=\"\" srcset=\"https:\/\/nantech.info\/wp-content\/uploads\/2023\/08\/Dashboard.png 978w, https:\/\/nantech.info\/wp-content\/uploads\/2023\/08\/Dashboard-300x226.png 300w, https:\/\/nantech.info\/wp-content\/uploads\/2023\/08\/Dashboard-768x579.png 768w\" sizes=\"(max-width: 978px) 100vw, 978px\" \/>\t\t\t\t\t\t\t\t\t\t\t\t\t\t\t<\/div>\n\t\t\t\t<\/div>\n\t\t\t\t\t<\/div>\n\t\t\t\t<\/div>\n\t\t\t\t<\/div>\n\t\t","protected":false},"excerpt":{"rendered":"<p>Somos especialistas em tecnologia Se voc\u00ea tem alguma demanda relacionada \u00e0 inform\u00e1tica, sistemas, banco de dados, planilhas e afins, fale com a gente! Veja alguns exemplos do que podemos fazer pra voc\u00ea: Desenvolvimento de aplicativos mobile. Desenvolvimento de sistemas, com banco de dados em nuvem. Otimiza\u00e7\u00e3o de trabalho manual em planilha, para sistema automatizado. Organiza\u00e7\u00e3o&hellip;&nbsp;<a href=\"https:\/\/nantech.info\/index.php\/bem-vindo\/nantech-dev\/\" rel=\"bookmark\">Continue a ler &raquo;<span class=\"screen-reader-text\">Nantech Dev<\/span><\/a><\/p>\n","protected":false},"author":1,"featured_media":0,"parent":25,"menu_order":0,"comment_status":"closed","ping_status":"closed","template":"","meta":{"neve_meta_sidebar":"","neve_meta_container":"","neve_meta_enable_content_width":"","neve_meta_content_width":0,"neve_meta_title_alignment":"","neve_meta_author_avatar":"","neve_post_elements_order":"","neve_meta_disable_header":"","neve_meta_disable_footer":"","neve_meta_disable_title":"","footnotes":""},"class_list":["post-127","page","type-page","status-publish","hentry"],"yoast_head":"<!-- This site is optimized with the Yoast SEO plugin v27.1.1 - https:\/\/yoast.com\/product\/yoast-seo-wordpress\/ -->\n<title>Nantech Dev - Nantech<\/title>\n<meta name=\"robots\" content=\"index, follow, max-snippet:-1, max-image-preview:large, max-video-preview:-1\" \/>\n<link rel=\"canonical\" href=\"https:\/\/nantech.info\/index.php\/bem-vindo\/nantech-dev\/\" \/>\n<meta property=\"og:locale\" content=\"pt_BR\" \/>\n<meta property=\"og:type\" content=\"article\" \/>\n<meta property=\"og:title\" content=\"Nantech Dev - Nantech\" \/>\n<meta property=\"og:description\" content=\"Somos especialistas em tecnologia Se voc\u00ea tem alguma demanda relacionada \u00e0 inform\u00e1tica, sistemas, banco de dados, planilhas e afins, fale com a gente! Veja alguns exemplos do que podemos fazer pra voc\u00ea: Desenvolvimento de aplicativos mobile. Desenvolvimento de sistemas, com banco de dados em nuvem. Otimiza\u00e7\u00e3o de trabalho manual em planilha, para sistema automatizado. Organiza\u00e7\u00e3o&hellip;&nbsp;Continue a ler &raquo;Nantech Dev\" \/>\n<meta property=\"og:url\" content=\"https:\/\/nantech.info\/index.php\/bem-vindo\/nantech-dev\/\" \/>\n<meta property=\"og:site_name\" content=\"Nantech\" \/>\n<meta property=\"article:modified_time\" content=\"2023-11-24T06:36:24+00:00\" \/>\n<meta property=\"og:image\" content=\"https:\/\/nantech.info\/wp-content\/uploads\/2023\/11\/Nantech-Dev-Site-Novo-576x1024.png\" \/>\n<meta name=\"twitter:card\" content=\"summary_large_image\" \/>\n<meta name=\"twitter:label1\" content=\"Est. tempo de leitura\" \/>\n\t<meta name=\"twitter:data1\" content=\"2 minutos\" \/>\n<script type=\"application\/ld+json\" class=\"yoast-schema-graph\">{\"@context\":\"https:\/\/schema.org\",\"@graph\":[{\"@type\":\"WebPage\",\"@id\":\"https:\/\/nantech.info\/index.php\/bem-vindo\/nantech-dev\/\",\"url\":\"https:\/\/nantech.info\/index.php\/bem-vindo\/nantech-dev\/\",\"name\":\"Nantech Dev - Nantech\",\"isPartOf\":{\"@id\":\"https:\/\/nantech.info\/#website\"},\"primaryImageOfPage\":{\"@id\":\"https:\/\/nantech.info\/index.php\/bem-vindo\/nantech-dev\/#primaryimage\"},\"image\":{\"@id\":\"https:\/\/nantech.info\/index.php\/bem-vindo\/nantech-dev\/#primaryimage\"},\"thumbnailUrl\":\"https:\/\/nantech.info\/wp-content\/uploads\/2023\/11\/Nantech-Dev-Site-Novo-576x1024.png\",\"datePublished\":\"2023-08-13T12:35:43+00:00\",\"dateModified\":\"2023-11-24T06:36:24+00:00\",\"breadcrumb\":{\"@id\":\"https:\/\/nantech.info\/index.php\/bem-vindo\/nantech-dev\/#breadcrumb\"},\"inLanguage\":\"pt-BR\",\"potentialAction\":[{\"@type\":\"ReadAction\",\"target\":[\"https:\/\/nantech.info\/index.php\/bem-vindo\/nantech-dev\/\"]}]},{\"@type\":\"ImageObject\",\"inLanguage\":\"pt-BR\",\"@id\":\"https:\/\/nantech.info\/index.php\/bem-vindo\/nantech-dev\/#primaryimage\",\"url\":\"https:\/\/nantech.info\/wp-content\/uploads\/2023\/11\/Nantech-Dev-Site-Novo.png\",\"contentUrl\":\"https:\/\/nantech.info\/wp-content\/uploads\/2023\/11\/Nantech-Dev-Site-Novo.png\",\"width\":1080,\"height\":1920},{\"@type\":\"BreadcrumbList\",\"@id\":\"https:\/\/nantech.info\/index.php\/bem-vindo\/nantech-dev\/#breadcrumb\",\"itemListElement\":[{\"@type\":\"ListItem\",\"position\":1,\"name\":\"In\u00edcio\",\"item\":\"https:\/\/nantech.info\/\"},{\"@type\":\"ListItem\",\"position\":2,\"name\":\"Home\",\"item\":\"https:\/\/nantech.info\/\"},{\"@type\":\"ListItem\",\"position\":3,\"name\":\"Nantech Dev\"}]},{\"@type\":\"WebSite\",\"@id\":\"https:\/\/nantech.info\/#website\",\"url\":\"https:\/\/nantech.info\/\",\"name\":\"Nantech\",\"description\":\"Servi\u00e7os de Tecnologia\",\"publisher\":{\"@id\":\"https:\/\/nantech.info\/#organization\"},\"potentialAction\":[{\"@type\":\"SearchAction\",\"target\":{\"@type\":\"EntryPoint\",\"urlTemplate\":\"https:\/\/nantech.info\/?s={search_term_string}\"},\"query-input\":{\"@type\":\"PropertyValueSpecification\",\"valueRequired\":true,\"valueName\":\"search_term_string\"}}],\"inLanguage\":\"pt-BR\"},{\"@type\":\"Organization\",\"@id\":\"https:\/\/nantech.info\/#organization\",\"name\":\"Nantech\",\"url\":\"https:\/\/nantech.info\/\",\"logo\":{\"@type\":\"ImageObject\",\"inLanguage\":\"pt-BR\",\"@id\":\"https:\/\/nantech.info\/#\/schema\/logo\/image\/\",\"url\":\"https:\/\/nantech.info\/wp-content\/uploads\/2023\/07\/Logo1.png\",\"contentUrl\":\"https:\/\/nantech.info\/wp-content\/uploads\/2023\/07\/Logo1.png\",\"width\":444,\"height\":578,\"caption\":\"Nantech\"},\"image\":{\"@id\":\"https:\/\/nantech.info\/#\/schema\/logo\/image\/\"}}]}<\/script>\n<!-- \/ Yoast SEO plugin. -->","yoast_head_json":{"title":"Nantech Dev - Nantech","robots":{"index":"index","follow":"follow","max-snippet":"max-snippet:-1","max-image-preview":"max-image-preview:large","max-video-preview":"max-video-preview:-1"},"canonical":"https:\/\/nantech.info\/index.php\/bem-vindo\/nantech-dev\/","og_locale":"pt_BR","og_type":"article","og_title":"Nantech Dev - Nantech","og_description":"Somos especialistas em tecnologia Se voc\u00ea tem alguma demanda relacionada \u00e0 inform\u00e1tica, sistemas, banco de dados, planilhas e afins, fale com a gente! Veja alguns exemplos do que podemos fazer pra voc\u00ea: Desenvolvimento de aplicativos mobile. Desenvolvimento de sistemas, com banco de dados em nuvem. Otimiza\u00e7\u00e3o de trabalho manual em planilha, para sistema automatizado. Organiza\u00e7\u00e3o&hellip;&nbsp;Continue a ler &raquo;Nantech Dev","og_url":"https:\/\/nantech.info\/index.php\/bem-vindo\/nantech-dev\/","og_site_name":"Nantech","article_modified_time":"2023-11-24T06:36:24+00:00","og_image":[{"url":"https:\/\/nantech.info\/wp-content\/uploads\/2023\/11\/Nantech-Dev-Site-Novo-576x1024.png","type":"","width":"","height":""}],"twitter_card":"summary_large_image","twitter_misc":{"Est. tempo de leitura":"2 minutos"},"schema":{"@context":"https:\/\/schema.org","@graph":[{"@type":"WebPage","@id":"https:\/\/nantech.info\/index.php\/bem-vindo\/nantech-dev\/","url":"https:\/\/nantech.info\/index.php\/bem-vindo\/nantech-dev\/","name":"Nantech Dev - Nantech","isPartOf":{"@id":"https:\/\/nantech.info\/#website"},"primaryImageOfPage":{"@id":"https:\/\/nantech.info\/index.php\/bem-vindo\/nantech-dev\/#primaryimage"},"image":{"@id":"https:\/\/nantech.info\/index.php\/bem-vindo\/nantech-dev\/#primaryimage"},"thumbnailUrl":"https:\/\/nantech.info\/wp-content\/uploads\/2023\/11\/Nantech-Dev-Site-Novo-576x1024.png","datePublished":"2023-08-13T12:35:43+00:00","dateModified":"2023-11-24T06:36:24+00:00","breadcrumb":{"@id":"https:\/\/nantech.info\/index.php\/bem-vindo\/nantech-dev\/#breadcrumb"},"inLanguage":"pt-BR","potentialAction":[{"@type":"ReadAction","target":["https:\/\/nantech.info\/index.php\/bem-vindo\/nantech-dev\/"]}]},{"@type":"ImageObject","inLanguage":"pt-BR","@id":"https:\/\/nantech.info\/index.php\/bem-vindo\/nantech-dev\/#primaryimage","url":"https:\/\/nantech.info\/wp-content\/uploads\/2023\/11\/Nantech-Dev-Site-Novo.png","contentUrl":"https:\/\/nantech.info\/wp-content\/uploads\/2023\/11\/Nantech-Dev-Site-Novo.png","width":1080,"height":1920},{"@type":"BreadcrumbList","@id":"https:\/\/nantech.info\/index.php\/bem-vindo\/nantech-dev\/#breadcrumb","itemListElement":[{"@type":"ListItem","position":1,"name":"In\u00edcio","item":"https:\/\/nantech.info\/"},{"@type":"ListItem","position":2,"name":"Home","item":"https:\/\/nantech.info\/"},{"@type":"ListItem","position":3,"name":"Nantech Dev"}]},{"@type":"WebSite","@id":"https:\/\/nantech.info\/#website","url":"https:\/\/nantech.info\/","name":"Nantech","description":"Servi\u00e7os de Tecnologia","publisher":{"@id":"https:\/\/nantech.info\/#organization"},"potentialAction":[{"@type":"SearchAction","target":{"@type":"EntryPoint","urlTemplate":"https:\/\/nantech.info\/?s={search_term_string}"},"query-input":{"@type":"PropertyValueSpecification","valueRequired":true,"valueName":"search_term_string"}}],"inLanguage":"pt-BR"},{"@type":"Organization","@id":"https:\/\/nantech.info\/#organization","name":"Nantech","url":"https:\/\/nantech.info\/","logo":{"@type":"ImageObject","inLanguage":"pt-BR","@id":"https:\/\/nantech.info\/#\/schema\/logo\/image\/","url":"https:\/\/nantech.info\/wp-content\/uploads\/2023\/07\/Logo1.png","contentUrl":"https:\/\/nantech.info\/wp-content\/uploads\/2023\/07\/Logo1.png","width":444,"height":578,"caption":"Nantech"},"image":{"@id":"https:\/\/nantech.info\/#\/schema\/logo\/image\/"}}]}},"jetpack_sharing_enabled":true,"_links":{"self":[{"href":"https:\/\/nantech.info\/index.php\/wp-json\/wp\/v2\/pages\/127","targetHints":{"allow":["GET"]}}],"collection":[{"href":"https:\/\/nantech.info\/index.php\/wp-json\/wp\/v2\/pages"}],"about":[{"href":"https:\/\/nantech.info\/index.php\/wp-json\/wp\/v2\/types\/page"}],"author":[{"embeddable":true,"href":"https:\/\/nantech.info\/index.php\/wp-json\/wp\/v2\/users\/1"}],"replies":[{"embeddable":true,"href":"https:\/\/nantech.info\/index.php\/wp-json\/wp\/v2\/comments?post=127"}],"version-history":[{"count":26,"href":"https:\/\/nantech.info\/index.php\/wp-json\/wp\/v2\/pages\/127\/revisions"}],"predecessor-version":[{"id":303,"href":"https:\/\/nantech.info\/index.php\/wp-json\/wp\/v2\/pages\/127\/revisions\/303"}],"up":[{"embeddable":true,"href":"https:\/\/nantech.info\/index.php\/wp-json\/wp\/v2\/pages\/25"}],"wp:attachment":[{"href":"https:\/\/nantech.info\/index.php\/wp-json\/wp\/v2\/media?parent=127"}],"curies":[{"name":"wp","href":"https:\/\/api.w.org\/{rel}","templated":true}]}}