{"id":113,"date":"2023-08-13T09:12:48","date_gmt":"2023-08-13T12:12:48","guid":{"rendered":"https:\/\/nantech.info\/?page_id=113"},"modified":"2023-11-23T15:26:08","modified_gmt":"2023-11-23T18:26:08","slug":"nantech-ler","status":"publish","type":"page","link":"https:\/\/nantech.info\/index.php\/bem-vindo\/nantech-ler\/","title":{"rendered":"Nantech Ler"},"content":{"rendered":"\t\t<div data-elementor-type=\"wp-page\" data-elementor-id=\"113\" class=\"elementor elementor-113\">\n\t\t\t\t<div class=\"elementor-element elementor-element-0c72602 e-flex e-con-boxed e-con e-parent\" data-id=\"0c72602\" data-element_type=\"container\" data-e-type=\"container\">\n\t\t\t\t\t<div class=\"e-con-inner\">\n\t\t\t\t<div class=\"elementor-element elementor-element-15bc3bd elementor-widget elementor-widget-image\" data-id=\"15bc3bd\" data-element_type=\"widget\" data-e-type=\"widget\" data-widget_type=\"image.default\">\n\t\t\t\t<div class=\"elementor-widget-container\">\n\t\t\t\t\t\t\t\t\t\t\t\t\t\t\t<img fetchpriority=\"high\" decoding=\"async\" width=\"572\" height=\"800\" src=\"https:\/\/nantech.info\/wp-content\/uploads\/2023\/08\/Ler-Site-mobile.png\" class=\"attachment-full size-full wp-image-115\" alt=\"\" srcset=\"https:\/\/nantech.info\/wp-content\/uploads\/2023\/08\/Ler-Site-mobile.png 572w, https:\/\/nantech.info\/wp-content\/uploads\/2023\/08\/Ler-Site-mobile-215x300.png 215w\" sizes=\"(max-width: 572px) 100vw, 572px\" \/>\t\t\t\t\t\t\t\t\t\t\t\t\t\t\t<\/div>\n\t\t\t\t<\/div>\n\t\t\t\t\t<\/div>\n\t\t\t\t<\/div>\n\t\t<div class=\"elementor-element elementor-element-975765d e-flex e-con-boxed e-con e-parent\" data-id=\"975765d\" data-element_type=\"container\" data-e-type=\"container\">\n\t\t\t\t\t<div class=\"e-con-inner\">\n\t\t\t\t<div class=\"elementor-element elementor-element-2ce86b0 elementor-widget elementor-widget-heading\" data-id=\"2ce86b0\" data-element_type=\"widget\" data-e-type=\"widget\" data-widget_type=\"heading.default\">\n\t\t\t\t<div class=\"elementor-widget-container\">\n\t\t\t\t\t<h2 class=\"elementor-heading-title elementor-size-default\">Somos especialistas em escrita<\/h2>\t\t\t\t<\/div>\n\t\t\t\t<\/div>\n\t\t\t\t\t<\/div>\n\t\t\t\t<\/div>\n\t\t<div class=\"elementor-element elementor-element-b9f0779 e-flex e-con-boxed e-con e-parent\" data-id=\"b9f0779\" data-element_type=\"container\" data-e-type=\"container\">\n\t\t\t\t\t<div class=\"e-con-inner\">\n\t\t\t\t<div class=\"elementor-element elementor-element-79c3ecb elementor-widget elementor-widget-text-editor\" data-id=\"79c3ecb\" data-element_type=\"widget\" data-e-type=\"widget\" data-widget_type=\"text-editor.default\">\n\t\t\t\t<div class=\"elementor-widget-container\">\n\t\t\t\t\t\t\t\t\t<p>Se voc\u00ea tem alguma demanda relacionada \u00e0 escrita ou leitura, fale com a gente!<\/p>\t\t\t\t\t\t\t\t<\/div>\n\t\t\t\t<\/div>\n\t\t\t\t\t<\/div>\n\t\t\t\t<\/div>\n\t\t<div class=\"elementor-element elementor-element-0ee3da0 e-flex e-con-boxed e-con e-parent\" data-id=\"0ee3da0\" data-element_type=\"container\" data-e-type=\"container\">\n\t\t\t\t\t<div class=\"e-con-inner\">\n\t\t\t\t<div class=\"elementor-element elementor-element-c176538 elementor-widget elementor-widget-text-editor\" data-id=\"c176538\" data-element_type=\"widget\" data-e-type=\"widget\" data-widget_type=\"text-editor.default\">\n\t\t\t\t<div class=\"elementor-widget-container\">\n\t\t\t\t\t\t\t\t\t<p>Veja alguns exemplos do que\u00a0 podemos fazer pra voc\u00ea:<\/p>\t\t\t\t\t\t\t\t<\/div>\n\t\t\t\t<\/div>\n\t\t\t\t\t<\/div>\n\t\t\t\t<\/div>\n\t\t<div class=\"elementor-element elementor-element-473aeb2 e-flex e-con-boxed e-con e-parent\" data-id=\"473aeb2\" data-element_type=\"container\" data-e-type=\"container\">\n\t\t\t\t\t<div class=\"e-con-inner\">\n\t\t\t\t<div class=\"elementor-element elementor-element-581221b elementor-widget elementor-widget-text-editor\" data-id=\"581221b\" data-element_type=\"widget\" data-e-type=\"widget\" data-widget_type=\"text-editor.default\">\n\t\t\t\t<div class=\"elementor-widget-container\">\n\t\t\t\t\t\t\t\t\t<ul><li>Revis\u00e3o e diagrama\u00e7\u00e3o de texto para apostila de curso.<\/li><li>Revis\u00e3o e diagrama\u00e7\u00e3o de texto para livro\/e-book.<\/li><li>Formata\u00e7\u00e3o e adequa\u00e7\u00e3o do texto de livro, para cumprir as exig\u00eancias de publica\u00e7\u00e3o de diferentes plataformas.<\/li><li>Transfer\u00eancia de narrativa em \u00e1udio para texto, com adapta\u00e7\u00f5es para livro.<\/li><li>Cria\u00e7\u00e3o de texto para publicidade.<\/li><li>Cria\u00e7\u00e3o do zero at\u00e9 publica\u00e7\u00e3o de livro em plataforma gratuita, com edi\u00e7\u00e3o de texto e capa.<\/li><\/ul>\t\t\t\t\t\t\t\t<\/div>\n\t\t\t\t<\/div>\n\t\t\t\t\t<\/div>\n\t\t\t\t<\/div>\n\t\t<div class=\"elementor-element elementor-element-d513945 e-flex e-con-boxed e-con e-parent\" data-id=\"d513945\" data-element_type=\"container\" data-e-type=\"container\">\n\t\t\t\t\t<div class=\"e-con-inner\">\n\t\t\t\t<div class=\"elementor-element elementor-element-93e8ec0 elementor-widget elementor-widget-heading\" data-id=\"93e8ec0\" data-element_type=\"widget\" data-e-type=\"widget\" data-widget_type=\"heading.default\">\n\t\t\t\t<div class=\"elementor-widget-container\">\n\t\t\t\t\t<h2 class=\"elementor-heading-title elementor-size-medium\">Exemplos de trabalhos realizados:<\/h2>\t\t\t\t<\/div>\n\t\t\t\t<\/div>\n\t\t\t\t<div class=\"elementor-element elementor-element-eab108a elementor-widget elementor-widget-image\" data-id=\"eab108a\" data-element_type=\"widget\" data-e-type=\"widget\" data-widget_type=\"image.default\">\n\t\t\t\t<div class=\"elementor-widget-container\">\n\t\t\t\t\t\t\t\t\t\t\t\t\t\t\t<img decoding=\"async\" width=\"386\" height=\"533\" src=\"https:\/\/nantech.info\/wp-content\/uploads\/2023\/08\/Livro-3.png\" class=\"attachment-large size-large wp-image-119\" alt=\"\" srcset=\"https:\/\/nantech.info\/wp-content\/uploads\/2023\/08\/Livro-3.png 386w, https:\/\/nantech.info\/wp-content\/uploads\/2023\/08\/Livro-3-217x300.png 217w\" sizes=\"(max-width: 386px) 100vw, 386px\" \/>\t\t\t\t\t\t\t\t\t\t\t\t\t\t\t<\/div>\n\t\t\t\t<\/div>\n\t\t\t\t<div class=\"elementor-element elementor-element-b6e2089 elementor-widget elementor-widget-image\" data-id=\"b6e2089\" data-element_type=\"widget\" data-e-type=\"widget\" data-widget_type=\"image.default\">\n\t\t\t\t<div class=\"elementor-widget-container\">\n\t\t\t\t\t\t\t\t\t\t\t\t\t\t\t\t<a href=\"https:\/\/www.amazon.com.br\/Perdas-Ganhos-Escolhas-Fabio-Carraro\/dp\/6500243900\/ref=sr_1_1?__mk_pt_BR=%C3%85M%C3%85%C5%BD%C3%95%C3%91&#038;crid=2I3888G2HUKYN&#038;keywords=perdas%2C+ganhos%2C+escolhas&#038;qid=1691928515&#038;s=books&#038;sprefix=perdas+ganhos+escolha%2Cstripbooks%2C221&#038;sr=1-1\" target=\"_blank\">\n\t\t\t\t\t\t\t<img decoding=\"async\" width=\"320\" height=\"450\" src=\"https:\/\/nantech.info\/wp-content\/uploads\/2023\/08\/Livro-2.png\" class=\"attachment-large size-large wp-image-118\" alt=\"\" srcset=\"https:\/\/nantech.info\/wp-content\/uploads\/2023\/08\/Livro-2.png 320w, https:\/\/nantech.info\/wp-content\/uploads\/2023\/08\/Livro-2-213x300.png 213w\" sizes=\"(max-width: 320px) 100vw, 320px\" \/>\t\t\t\t\t\t\t\t<\/a>\n\t\t\t\t\t\t\t\t\t\t\t\t\t\t\t<\/div>\n\t\t\t\t<\/div>\n\t\t\t\t<div class=\"elementor-element elementor-element-f650c17 elementor-widget elementor-widget-image\" data-id=\"f650c17\" data-element_type=\"widget\" data-e-type=\"widget\" data-widget_type=\"image.default\">\n\t\t\t\t<div class=\"elementor-widget-container\">\n\t\t\t\t\t\t\t\t\t\t\t\t\t\t\t\t<a href=\"https:\/\/clubedeautores.com.br\/livro\/escrita-por-deus-uma-historia-de-amor-e-fe\" target=\"_blank\">\n\t\t\t\t\t\t\t<img loading=\"lazy\" decoding=\"async\" width=\"314\" height=\"453\" src=\"https:\/\/nantech.info\/wp-content\/uploads\/2023\/08\/Livro-1.png\" class=\"attachment-large size-large wp-image-117\" alt=\"\" srcset=\"https:\/\/nantech.info\/wp-content\/uploads\/2023\/08\/Livro-1.png 314w, https:\/\/nantech.info\/wp-content\/uploads\/2023\/08\/Livro-1-208x300.png 208w\" sizes=\"(max-width: 314px) 100vw, 314px\" \/>\t\t\t\t\t\t\t\t<\/a>\n\t\t\t\t\t\t\t\t\t\t\t\t\t\t\t<\/div>\n\t\t\t\t<\/div>\n\t\t\t\t<div class=\"elementor-element elementor-element-4294695 elementor-widget elementor-widget-image\" data-id=\"4294695\" data-element_type=\"widget\" data-e-type=\"widget\" data-widget_type=\"image.default\">\n\t\t\t\t<div class=\"elementor-widget-container\">\n\t\t\t\t\t\t\t\t\t\t\t\t\t\t\t\t<a href=\"https:\/\/www.amazon.com.br\/Manual-Amputado-pr%C3%A1tico-passou-situa%C3%A7%C3%A3o-ebook\/dp\/B0CNHRTNXP\/ref=sr_1_1?crid=2ZI7NMZIZ7API&#038;keywords=manual+do+amputado&#038;qid=1700763936&#038;s=books&#038;sprefix=%2Cstripbooks%2C210&#038;sr=1-1\">\n\t\t\t\t\t\t\t<img loading=\"lazy\" decoding=\"async\" width=\"512\" height=\"800\" src=\"https:\/\/nantech.info\/wp-content\/uploads\/2023\/11\/Manual-do-Amputado.png\" class=\"attachment-large size-large wp-image-279\" alt=\"\" srcset=\"https:\/\/nantech.info\/wp-content\/uploads\/2023\/11\/Manual-do-Amputado.png 512w, https:\/\/nantech.info\/wp-content\/uploads\/2023\/11\/Manual-do-Amputado-192x300.png 192w\" sizes=\"(max-width: 512px) 100vw, 512px\" \/>\t\t\t\t\t\t\t\t<\/a>\n\t\t\t\t\t\t\t\t\t\t\t\t\t\t\t<\/div>\n\t\t\t\t<\/div>\n\t\t\t\t\t<\/div>\n\t\t\t\t<\/div>\n\t\t\t\t<\/div>\n\t\t","protected":false},"excerpt":{"rendered":"<p>Somos especialistas em escrita Se voc\u00ea tem alguma demanda relacionada \u00e0 escrita ou leitura, fale com a gente! Veja alguns exemplos do que\u00a0 podemos fazer pra voc\u00ea: Revis\u00e3o e diagrama\u00e7\u00e3o de texto para apostila de curso. Revis\u00e3o e diagrama\u00e7\u00e3o de texto para livro\/e-book. Formata\u00e7\u00e3o e adequa\u00e7\u00e3o do texto de livro, para cumprir as exig\u00eancias de&hellip;&nbsp;<a href=\"https:\/\/nantech.info\/index.php\/bem-vindo\/nantech-ler\/\" rel=\"bookmark\">Continue a ler &raquo;<span class=\"screen-reader-text\">Nantech Ler<\/span><\/a><\/p>\n","protected":false},"author":1,"featured_media":0,"parent":25,"menu_order":0,"comment_status":"closed","ping_status":"closed","template":"page-templates\/template-pagebuilder-full-width.php","meta":{"neve_meta_sidebar":"","neve_meta_container":"","neve_meta_enable_content_width":"","neve_meta_content_width":0,"neve_meta_title_alignment":"","neve_meta_author_avatar":"","neve_post_elements_order":"","neve_meta_disable_header":"","neve_meta_disable_footer":"","neve_meta_disable_title":"","footnotes":""},"class_list":["post-113","page","type-page","status-publish","hentry"],"yoast_head":"<!-- This site is optimized with the Yoast SEO plugin v27.1.1 - https:\/\/yoast.com\/product\/yoast-seo-wordpress\/ -->\n<title>Nantech Ler - Nantech<\/title>\n<meta name=\"robots\" content=\"index, follow, max-snippet:-1, max-image-preview:large, max-video-preview:-1\" \/>\n<link rel=\"canonical\" href=\"https:\/\/nantech.info\/index.php\/bem-vindo\/nantech-ler\/\" \/>\n<meta property=\"og:locale\" content=\"pt_BR\" \/>\n<meta property=\"og:type\" content=\"article\" \/>\n<meta property=\"og:title\" content=\"Nantech Ler - Nantech\" \/>\n<meta property=\"og:description\" content=\"Somos especialistas em escrita Se voc\u00ea tem alguma demanda relacionada \u00e0 escrita ou leitura, fale com a gente! Veja alguns exemplos do que\u00a0 podemos fazer pra voc\u00ea: Revis\u00e3o e diagrama\u00e7\u00e3o de texto para apostila de curso. Revis\u00e3o e diagrama\u00e7\u00e3o de texto para livro\/e-book. Formata\u00e7\u00e3o e adequa\u00e7\u00e3o do texto de livro, para cumprir as exig\u00eancias de&hellip;&nbsp;Continue a ler &raquo;Nantech Ler\" \/>\n<meta property=\"og:url\" content=\"https:\/\/nantech.info\/index.php\/bem-vindo\/nantech-ler\/\" \/>\n<meta property=\"og:site_name\" content=\"Nantech\" \/>\n<meta property=\"article:modified_time\" content=\"2023-11-23T18:26:08+00:00\" \/>\n<meta property=\"og:image\" content=\"https:\/\/nantech.info\/wp-content\/uploads\/2023\/08\/Ler-Site-mobile.png\" \/>\n<meta name=\"twitter:card\" content=\"summary_large_image\" \/>\n<meta name=\"twitter:label1\" content=\"Est. tempo de leitura\" \/>\n\t<meta name=\"twitter:data1\" content=\"2 minutos\" \/>\n<script type=\"application\/ld+json\" class=\"yoast-schema-graph\">{\"@context\":\"https:\/\/schema.org\",\"@graph\":[{\"@type\":\"WebPage\",\"@id\":\"https:\/\/nantech.info\/index.php\/bem-vindo\/nantech-ler\/\",\"url\":\"https:\/\/nantech.info\/index.php\/bem-vindo\/nantech-ler\/\",\"name\":\"Nantech Ler - Nantech\",\"isPartOf\":{\"@id\":\"https:\/\/nantech.info\/#website\"},\"primaryImageOfPage\":{\"@id\":\"https:\/\/nantech.info\/index.php\/bem-vindo\/nantech-ler\/#primaryimage\"},\"image\":{\"@id\":\"https:\/\/nantech.info\/index.php\/bem-vindo\/nantech-ler\/#primaryimage\"},\"thumbnailUrl\":\"https:\/\/nantech.info\/wp-content\/uploads\/2023\/08\/Ler-Site-mobile.png\",\"datePublished\":\"2023-08-13T12:12:48+00:00\",\"dateModified\":\"2023-11-23T18:26:08+00:00\",\"breadcrumb\":{\"@id\":\"https:\/\/nantech.info\/index.php\/bem-vindo\/nantech-ler\/#breadcrumb\"},\"inLanguage\":\"pt-BR\",\"potentialAction\":[{\"@type\":\"ReadAction\",\"target\":[\"https:\/\/nantech.info\/index.php\/bem-vindo\/nantech-ler\/\"]}]},{\"@type\":\"ImageObject\",\"inLanguage\":\"pt-BR\",\"@id\":\"https:\/\/nantech.info\/index.php\/bem-vindo\/nantech-ler\/#primaryimage\",\"url\":\"https:\/\/nantech.info\/wp-content\/uploads\/2023\/08\/Ler-Site-mobile.png\",\"contentUrl\":\"https:\/\/nantech.info\/wp-content\/uploads\/2023\/08\/Ler-Site-mobile.png\",\"width\":572,\"height\":800},{\"@type\":\"BreadcrumbList\",\"@id\":\"https:\/\/nantech.info\/index.php\/bem-vindo\/nantech-ler\/#breadcrumb\",\"itemListElement\":[{\"@type\":\"ListItem\",\"position\":1,\"name\":\"In\u00edcio\",\"item\":\"https:\/\/nantech.info\/\"},{\"@type\":\"ListItem\",\"position\":2,\"name\":\"Home\",\"item\":\"https:\/\/nantech.info\/\"},{\"@type\":\"ListItem\",\"position\":3,\"name\":\"Nantech Ler\"}]},{\"@type\":\"WebSite\",\"@id\":\"https:\/\/nantech.info\/#website\",\"url\":\"https:\/\/nantech.info\/\",\"name\":\"Nantech\",\"description\":\"Servi\u00e7os de Tecnologia\",\"publisher\":{\"@id\":\"https:\/\/nantech.info\/#organization\"},\"potentialAction\":[{\"@type\":\"SearchAction\",\"target\":{\"@type\":\"EntryPoint\",\"urlTemplate\":\"https:\/\/nantech.info\/?s={search_term_string}\"},\"query-input\":{\"@type\":\"PropertyValueSpecification\",\"valueRequired\":true,\"valueName\":\"search_term_string\"}}],\"inLanguage\":\"pt-BR\"},{\"@type\":\"Organization\",\"@id\":\"https:\/\/nantech.info\/#organization\",\"name\":\"Nantech\",\"url\":\"https:\/\/nantech.info\/\",\"logo\":{\"@type\":\"ImageObject\",\"inLanguage\":\"pt-BR\",\"@id\":\"https:\/\/nantech.info\/#\/schema\/logo\/image\/\",\"url\":\"https:\/\/nantech.info\/wp-content\/uploads\/2023\/07\/Logo1.png\",\"contentUrl\":\"https:\/\/nantech.info\/wp-content\/uploads\/2023\/07\/Logo1.png\",\"width\":444,\"height\":578,\"caption\":\"Nantech\"},\"image\":{\"@id\":\"https:\/\/nantech.info\/#\/schema\/logo\/image\/\"}}]}<\/script>\n<!-- \/ Yoast SEO plugin. -->","yoast_head_json":{"title":"Nantech Ler - Nantech","robots":{"index":"index","follow":"follow","max-snippet":"max-snippet:-1","max-image-preview":"max-image-preview:large","max-video-preview":"max-video-preview:-1"},"canonical":"https:\/\/nantech.info\/index.php\/bem-vindo\/nantech-ler\/","og_locale":"pt_BR","og_type":"article","og_title":"Nantech Ler - Nantech","og_description":"Somos especialistas em escrita Se voc\u00ea tem alguma demanda relacionada \u00e0 escrita ou leitura, fale com a gente! Veja alguns exemplos do que\u00a0 podemos fazer pra voc\u00ea: Revis\u00e3o e diagrama\u00e7\u00e3o de texto para apostila de curso. Revis\u00e3o e diagrama\u00e7\u00e3o de texto para livro\/e-book. Formata\u00e7\u00e3o e adequa\u00e7\u00e3o do texto de livro, para cumprir as exig\u00eancias de&hellip;&nbsp;Continue a ler &raquo;Nantech Ler","og_url":"https:\/\/nantech.info\/index.php\/bem-vindo\/nantech-ler\/","og_site_name":"Nantech","article_modified_time":"2023-11-23T18:26:08+00:00","og_image":[{"url":"https:\/\/nantech.info\/wp-content\/uploads\/2023\/08\/Ler-Site-mobile.png","type":"","width":"","height":""}],"twitter_card":"summary_large_image","twitter_misc":{"Est. tempo de leitura":"2 minutos"},"schema":{"@context":"https:\/\/schema.org","@graph":[{"@type":"WebPage","@id":"https:\/\/nantech.info\/index.php\/bem-vindo\/nantech-ler\/","url":"https:\/\/nantech.info\/index.php\/bem-vindo\/nantech-ler\/","name":"Nantech Ler - Nantech","isPartOf":{"@id":"https:\/\/nantech.info\/#website"},"primaryImageOfPage":{"@id":"https:\/\/nantech.info\/index.php\/bem-vindo\/nantech-ler\/#primaryimage"},"image":{"@id":"https:\/\/nantech.info\/index.php\/bem-vindo\/nantech-ler\/#primaryimage"},"thumbnailUrl":"https:\/\/nantech.info\/wp-content\/uploads\/2023\/08\/Ler-Site-mobile.png","datePublished":"2023-08-13T12:12:48+00:00","dateModified":"2023-11-23T18:26:08+00:00","breadcrumb":{"@id":"https:\/\/nantech.info\/index.php\/bem-vindo\/nantech-ler\/#breadcrumb"},"inLanguage":"pt-BR","potentialAction":[{"@type":"ReadAction","target":["https:\/\/nantech.info\/index.php\/bem-vindo\/nantech-ler\/"]}]},{"@type":"ImageObject","inLanguage":"pt-BR","@id":"https:\/\/nantech.info\/index.php\/bem-vindo\/nantech-ler\/#primaryimage","url":"https:\/\/nantech.info\/wp-content\/uploads\/2023\/08\/Ler-Site-mobile.png","contentUrl":"https:\/\/nantech.info\/wp-content\/uploads\/2023\/08\/Ler-Site-mobile.png","width":572,"height":800},{"@type":"BreadcrumbList","@id":"https:\/\/nantech.info\/index.php\/bem-vindo\/nantech-ler\/#breadcrumb","itemListElement":[{"@type":"ListItem","position":1,"name":"In\u00edcio","item":"https:\/\/nantech.info\/"},{"@type":"ListItem","position":2,"name":"Home","item":"https:\/\/nantech.info\/"},{"@type":"ListItem","position":3,"name":"Nantech Ler"}]},{"@type":"WebSite","@id":"https:\/\/nantech.info\/#website","url":"https:\/\/nantech.info\/","name":"Nantech","description":"Servi\u00e7os de Tecnologia","publisher":{"@id":"https:\/\/nantech.info\/#organization"},"potentialAction":[{"@type":"SearchAction","target":{"@type":"EntryPoint","urlTemplate":"https:\/\/nantech.info\/?s={search_term_string}"},"query-input":{"@type":"PropertyValueSpecification","valueRequired":true,"valueName":"search_term_string"}}],"inLanguage":"pt-BR"},{"@type":"Organization","@id":"https:\/\/nantech.info\/#organization","name":"Nantech","url":"https:\/\/nantech.info\/","logo":{"@type":"ImageObject","inLanguage":"pt-BR","@id":"https:\/\/nantech.info\/#\/schema\/logo\/image\/","url":"https:\/\/nantech.info\/wp-content\/uploads\/2023\/07\/Logo1.png","contentUrl":"https:\/\/nantech.info\/wp-content\/uploads\/2023\/07\/Logo1.png","width":444,"height":578,"caption":"Nantech"},"image":{"@id":"https:\/\/nantech.info\/#\/schema\/logo\/image\/"}}]}},"jetpack_sharing_enabled":true,"_links":{"self":[{"href":"https:\/\/nantech.info\/index.php\/wp-json\/wp\/v2\/pages\/113","targetHints":{"allow":["GET"]}}],"collection":[{"href":"https:\/\/nantech.info\/index.php\/wp-json\/wp\/v2\/pages"}],"about":[{"href":"https:\/\/nantech.info\/index.php\/wp-json\/wp\/v2\/types\/page"}],"author":[{"embeddable":true,"href":"https:\/\/nantech.info\/index.php\/wp-json\/wp\/v2\/users\/1"}],"replies":[{"embeddable":true,"href":"https:\/\/nantech.info\/index.php\/wp-json\/wp\/v2\/comments?post=113"}],"version-history":[{"count":12,"href":"https:\/\/nantech.info\/index.php\/wp-json\/wp\/v2\/pages\/113\/revisions"}],"predecessor-version":[{"id":283,"href":"https:\/\/nantech.info\/index.php\/wp-json\/wp\/v2\/pages\/113\/revisions\/283"}],"up":[{"embeddable":true,"href":"https:\/\/nantech.info\/index.php\/wp-json\/wp\/v2\/pages\/25"}],"wp:attachment":[{"href":"https:\/\/nantech.info\/index.php\/wp-json\/wp\/v2\/media?parent=113"}],"curies":[{"name":"wp","href":"https:\/\/api.w.org\/{rel}","templated":true}]}}